{"id":55376,"date":"2024-09-29T16:04:46","date_gmt":"2024-09-29T13:04:46","guid":{"rendered":"https:\/\/lialea.com\/urun\/girl-grey-coat\/"},"modified":"2025-03-10T22:03:37","modified_gmt":"2025-03-10T19:03:37","slug":"kiz-cocuk-gri-mont","status":"publish","type":"product","link":"https:\/\/lialea.com\/tr\/urun\/kiz-cocuk-gri-mont\/","title":{"rendered":"K\u0131z \u00c7ocuk Gri Mont"},"content":{"rendered":"<p>Kalp deri cepli gri suni k\u00fcrk k\u0131z \u00e7ocuk montu.<\/p>\n<p>&nbsp;<\/p>\n<p><iframe title=\"Kalp Cepli Pelu\u015f Mont\" width=\"1200\" height=\"675\" src=\"https:\/\/www.youtube.com\/embed\/csrF9ljaUnE?feature=oembed\" frameborder=\"0\" allow=\"accelerometer; autoplay; clipboard-write; encrypted-media; gyroscope; picture-in-picture; web-share\" referrerpolicy=\"strict-origin-when-cross-origin\" allowfullscreen><\/iframe><\/p>\n","protected":false},"excerpt":{"rendered":"<table width=\"1089\">\n<tbody>\n<tr>\n<td width=\"204\"><\/td>\n<td colspan=\"5\" width=\"885\">BEDEN<\/td>\n<\/tr>\n<tr>\n<td><\/td>\n<td>4-5 Ya\u015f (104 &#8211; 110 cm)<\/td>\n<td>5-6 Ya\u015f (110 &#8211; 118 cm)<\/td>\n<td>7-8 Ya\u015f (122- 128 cm)<\/td>\n<td>9-10 Ya\u015f (132 &#8211; 140 cm)<\/td>\n<td>11-12 Ya\u015f (152 cm)<\/td>\n<\/tr>\n<tr>\n<td>Ceket Uzunlu\u011fu<\/td>\n<td width=\"177\">52<\/td>\n<td width=\"181\">56<\/td>\n<td width=\"179\">60<\/td>\n<td width=\"193\">65<\/td>\n<td width=\"155\">70<\/td>\n<\/tr>\n<tr>\n<td>G\u00f6\u011f\u00fcs Geni\u015fli\u011fi<\/td>\n<td width=\"177\">37<\/td>\n<td width=\"181\">38,5<\/td>\n<td width=\"179\">40<\/td>\n<td width=\"193\">42,5<\/td>\n<td width=\"155\">45<\/td>\n<\/tr>\n<\/tbody>\n<\/table>\n","protected":false},"featured_media":54758,"comment_status":"open","ping_status":"closed","template":"","meta":[],"product_brand":[],"product_cat":[157,162],"product_tag":[],"class_list":{"0":"post-55376","1":"product","2":"type-product","3":"status-publish","4":"has-post-thumbnail","6":"product_cat-montlar","7":"product_cat-ozel-fiyatlar","10":"first","11":"instock","12":"shipping-taxable","13":"product-type-external"},"_links":{"self":[{"href":"https:\/\/lialea.com\/tr\/wp-json\/wp\/v2\/product\/55376","targetHints":{"allow":["GET"]}}],"collection":[{"href":"https:\/\/lialea.com\/tr\/wp-json\/wp\/v2\/product"}],"about":[{"href":"https:\/\/lialea.com\/tr\/wp-json\/wp\/v2\/types\/product"}],"replies":[{"embeddable":true,"href":"https:\/\/lialea.com\/tr\/wp-json\/wp\/v2\/comments?post=55376"}],"wp:featuredmedia":[{"embeddable":true,"href":"https:\/\/lialea.com\/tr\/wp-json\/wp\/v2\/media\/54758"}],"wp:attachment":[{"href":"https:\/\/lialea.com\/tr\/wp-json\/wp\/v2\/media?parent=55376"}],"wp:term":[{"taxonomy":"product_brand","embeddable":true,"href":"https:\/\/lialea.com\/tr\/wp-json\/wp\/v2\/product_brand?post=55376"},{"taxonomy":"product_cat","embeddable":true,"href":"https:\/\/lialea.com\/tr\/wp-json\/wp\/v2\/product_cat?post=55376"},{"taxonomy":"product_tag","embeddable":true,"href":"https:\/\/lialea.com\/tr\/wp-json\/wp\/v2\/product_tag?post=55376"}],"curies":[{"name":"wp","href":"https:\/\/api.w.org\/{rel}","templated":true}]}}