{"id":56031,"date":"2025-03-05T17:52:48","date_gmt":"2025-03-05T14:52:48","guid":{"rendered":"https:\/\/lialea.com\/?page_id=56031"},"modified":"2025-03-11T18:50:52","modified_gmt":"2025-03-11T15:50:52","slug":"magazalarimiz","status":"publish","type":"page","link":"https:\/\/lialea.com\/tr\/magazalarimiz\/","title":{"rendered":"Ma\u011fazalar\u0131m\u0131z"},"content":{"rendered":"\t\t<div data-elementor-type=\"wp-page\" data-elementor-id=\"56031\" class=\"elementor elementor-56031\">\n\t\t\t\t\t\t<section class=\"elementor-section elementor-top-section elementor-element elementor-element-415054a elementor-section-content-top elementor-section-boxed elementor-section-height-default elementor-section-height-default\" data-id=\"415054a\" data-element_type=\"section\" data-e-type=\"section\">\n\t\t\t\t\t\t<div class=\"elementor-container elementor-column-gap-default\">\n\t\t\t\t\t<div class=\"elementor-column elementor-col-100 elementor-top-column elementor-element elementor-element-fe8f892\" data-id=\"fe8f892\" data-element_type=\"column\" data-e-type=\"column\">\n\t\t\t<div class=\"elementor-widget-wrap elementor-element-populated\">\n\t\t\t\t\t\t<div class=\"elementor-element elementor-element-5b46adc elementor-widget elementor-widget-heading\" data-id=\"5b46adc\" data-element_type=\"widget\" data-e-type=\"widget\" data-widget_type=\"heading.default\">\n\t\t\t\t<div class=\"elementor-widget-container\">\n\t\t\t\t\t<h4 class=\"elementor-heading-title elementor-size-default\">ONLINE SATI\u015e - T\u00dcRK\u0130YE\n<\/h4>\t\t\t\t<\/div>\n\t\t\t\t<\/div>\n\t\t\t\t\t<\/div>\n\t\t<\/div>\n\t\t\t\t\t<\/div>\n\t\t<\/section>\n\t\t\t\t<section class=\"elementor-section elementor-top-section elementor-element elementor-element-9510093 elementor-section-content-top elementor-section-boxed elementor-section-height-default elementor-section-height-default\" data-id=\"9510093\" data-element_type=\"section\" data-e-type=\"section\">\n\t\t\t\t\t\t<div class=\"elementor-container elementor-column-gap-default\">\n\t\t\t\t\t<div class=\"elementor-column elementor-col-25 elementor-top-column elementor-element elementor-element-a9924a4\" data-id=\"a9924a4\" data-element_type=\"column\" data-e-type=\"column\">\n\t\t\t<div class=\"elementor-widget-wrap\">\n\t\t\t\t\t\t\t<\/div>\n\t\t<\/div>\n\t\t\t\t<div class=\"elementor-column elementor-col-25 elementor-top-column elementor-element elementor-element-e5c400e\" data-id=\"e5c400e\" data-element_type=\"column\" data-e-type=\"column\">\n\t\t\t<div class=\"elementor-widget-wrap elementor-element-populated\">\n\t\t\t\t\t\t<div class=\"elementor-element elementor-element-93cfed0 elementor-widget elementor-widget-image\" data-id=\"93cfed0\" data-element_type=\"widget\" data-e-type=\"widget\" data-widget_type=\"image.default\">\n\t\t\t\t<div class=\"elementor-widget-container\">\n\t\t\t\t\t\t\t\t\t\t\t\t\t\t\t\t<a href=\"https:\/\/www.bgstore.com.tr\/searchandising?q=Lia%20lea&#038;page=1&#038;trigger=keyword\" target=\"_blank\">\n\t\t\t\t\t\t\t<img fetchpriority=\"high\" decoding=\"async\" width=\"1549\" height=\"1549\" src=\"https:\/\/lialea.com\/wp-content\/uploads\/2025\/03\/bgstore_lialea.jpg\" class=\"attachment-full size-full wp-image-56062\" alt=\"\" \/>\t\t\t\t\t\t\t\t<\/a>\n\t\t\t\t\t\t\t\t\t\t\t\t\t\t\t<\/div>\n\t\t\t\t<\/div>\n\t\t\t\t<div class=\"elementor-element elementor-element-93faa8b elementor-widget elementor-widget-heading\" data-id=\"93faa8b\" data-element_type=\"widget\" data-e-type=\"widget\" data-widget_type=\"heading.default\">\n\t\t\t\t<div class=\"elementor-widget-container\">\n\t\t\t\t\t<div class=\"elementor-heading-title elementor-size-default\"><a href=\"https:\/\/www.bgstore.com.tr\/searchandising?q=Lia%20lea&#038;page=1&#038;trigger=keyword\" target=\"_blank\">B&amp;G STORE'DA \u00dcR\u00dcNLERI\u0307MI\u0307ZI\u0307 KE\u015eFEDI\u0307N<\/a><\/div>\t\t\t\t<\/div>\n\t\t\t\t<\/div>\n\t\t\t\t\t<\/div>\n\t\t<\/div>\n\t\t\t\t<div class=\"elementor-column elementor-col-25 elementor-top-column elementor-element elementor-element-5ca9f21\" data-id=\"5ca9f21\" data-element_type=\"column\" data-e-type=\"column\">\n\t\t\t<div class=\"elementor-widget-wrap elementor-element-populated\">\n\t\t\t\t\t\t<div class=\"elementor-element elementor-element-5794e28 elementor-widget elementor-widget-image\" data-id=\"5794e28\" data-element_type=\"widget\" data-e-type=\"widget\" data-widget_type=\"image.default\">\n\t\t\t\t<div class=\"elementor-widget-container\">\n\t\t\t\t\t\t\t\t\t\t\t\t\t\t\t\t<a href=\"https:\/\/www.trendyol.com\/sr?q=lia+lea&#038;qt=lia+lea&#038;st=lia+lea&#038;os=1&#038;sst=MOST_RECENT\" target=\"_blank\">\n\t\t\t\t\t\t\t<img decoding=\"async\" width=\"1549\" height=\"1549\" src=\"https:\/\/lialea.com\/wp-content\/uploads\/2025\/03\/trendyol_lialea.jpg\" class=\"attachment-full size-full wp-image-56063\" alt=\"\" \/>\t\t\t\t\t\t\t\t<\/a>\n\t\t\t\t\t\t\t\t\t\t\t\t\t\t\t<\/div>\n\t\t\t\t<\/div>\n\t\t\t\t<div class=\"elementor-element elementor-element-30c81c3 elementor-widget elementor-widget-heading\" data-id=\"30c81c3\" data-element_type=\"widget\" data-e-type=\"widget\" data-widget_type=\"heading.default\">\n\t\t\t\t<div class=\"elementor-widget-container\">\n\t\t\t\t\t<div class=\"elementor-heading-title elementor-size-default\"><a href=\"https:\/\/www.trendyol.com\/sr?q=lia+lea&#038;qt=lia+lea&#038;st=lia+lea&#038;os=1&#038;sst=MOST_RECENT\" target=\"_blank\">TRENDYOL MA\u011eAZAMIZI ZI\u0307YARET EDI\u0307N<\/a><\/div>\t\t\t\t<\/div>\n\t\t\t\t<\/div>\n\t\t\t\t\t<\/div>\n\t\t<\/div>\n\t\t\t\t<div class=\"elementor-column elementor-col-25 elementor-top-column elementor-element elementor-element-e0be969\" data-id=\"e0be969\" data-element_type=\"column\" data-e-type=\"column\">\n\t\t\t<div class=\"elementor-widget-wrap\">\n\t\t\t\t\t\t\t<\/div>\n\t\t<\/div>\n\t\t\t\t\t<\/div>\n\t\t<\/section>\n\t\t\t\t<section class=\"elementor-section elementor-top-section elementor-element elementor-element-ac98ea5 elementor-section-content-top elementor-section-boxed elementor-section-height-default elementor-section-height-default\" data-id=\"ac98ea5\" data-element_type=\"section\" data-e-type=\"section\">\n\t\t\t\t\t\t<div class=\"elementor-container elementor-column-gap-default\">\n\t\t\t\t\t<div class=\"elementor-column elementor-col-50 elementor-top-column elementor-element elementor-element-cba009f\" data-id=\"cba009f\" data-element_type=\"column\" data-e-type=\"column\">\n\t\t\t<div class=\"elementor-widget-wrap elementor-element-populated\">\n\t\t\t\t\t\t<div class=\"elementor-element elementor-element-c7b1176 elementor-widget elementor-widget-heading\" data-id=\"c7b1176\" data-element_type=\"widget\" data-e-type=\"widget\" data-widget_type=\"heading.default\">\n\t\t\t\t<div class=\"elementor-widget-container\">\n\t\t\t\t\t<h4 class=\"elementor-heading-title elementor-size-default\">B&amp;G STORES \u2013 T\u00dcRK\u0130YE<\/h4>\t\t\t\t<\/div>\n\t\t\t\t<\/div>\n\t\t<div class=\"elementor-element elementor-element-6dbff8a e-grid e-con-boxed e-con e-parent\" data-id=\"6dbff8a\" data-element_type=\"container\" data-e-type=\"container\">\n\t\t\t\t\t<div class=\"e-con-inner\">\n\t\t\t\t<div class=\"elementor-element elementor-element-e239dba elementor-widget elementor-widget-text-editor\" data-id=\"e239dba\" data-element_type=\"widget\" data-e-type=\"widget\" data-widget_type=\"text-editor.default\">\n\t\t\t\t<div class=\"elementor-widget-container\">\n\t\t\t\t\t\t\t\t\t<p><strong>\u0130STANBUL<br \/><\/strong>Akasya AVM<br \/>Akbat\u0131 \u0130stanbul<br \/>Akmerkez<br \/>Aqua Florya<br \/>Avenue Beylikd\u00fcz\u00fc<br \/>Ba\u011fdat Caddesi<br \/>Buyaka<br \/>Capacity \u0130stanbul<br \/>Capitol<br \/>Emaar Suqare<br \/>Flyinn \u0130stnabul<br \/>Galata port<br \/>G\u00f6kt\u00fcrk \u0130stanbul<br \/>Havaliman\u0131 \u0130\u00e7 Hatlar<br \/>\u0130stiklal Cadde<br \/>\u0130stinye Park<br \/>\u0130stanbul Forum<br \/>Kanyon<br \/>KozyaTa\u011fi Citys<br \/>Kurtkoy Viaport Asia<br \/>Laleli Cadde<br \/>Marina Kartal<br \/>Mall Of Istanbul<br \/>Metro Garden<br \/>MARMARAPARK<br \/>NEXT LEVEL<br \/>Ni\u015fanta\u015fi Citys<br \/>\u00d6zdilekPark<br \/>Palladium \u0130stanbul<br \/>Tema Istanbul<br \/>Tuzla Marina<br \/>Tepe Nautilus<br \/>Vialand<br \/>Viaport Venezia<br \/>Vadi \u0130stanbul<br \/>Zorlu \u0130stanbul<\/p><p><strong>ADANA<\/strong><br \/>Adana Cadde<br \/>01 Burda AVM<\/p><p><strong>ADAPAZARI<br \/><\/strong>Adapazar\u0131 Agora<br \/>Adapazar\u0131 Cadde 54<\/p><p><strong>ANTALYA<br \/><\/strong>Alanya Uygun Center<br \/>Manavgat NovaMall<br \/>Mall Of Antalya<br \/>Mall Of Alanya<br \/>Terracity<br \/>Tema Park Rixos<br \/>The Land Of Legend<br \/>Yekta Mall Alanya<\/p>\t\t\t\t\t\t\t\t<\/div>\n\t\t\t\t<\/div>\n\t\t\t\t<div class=\"elementor-element elementor-element-408cb37 elementor-widget elementor-widget-text-editor\" data-id=\"408cb37\" data-element_type=\"widget\" data-e-type=\"widget\" data-widget_type=\"text-editor.default\">\n\t\t\t\t<div class=\"elementor-widget-container\">\n\t\t\t\t\t\t\t\t\t<p><strong>ANKARA<\/strong><br \/>Arcadium Ankara<br \/>Armada Ankara<br \/>Atakule Ankara<br \/>Ankara Kuzu Effect<br \/>Bilkent Ankara<br \/>Cepa Ankara<br \/>Gordion Ankara<br \/>Kentpark Ankara<br \/>OneTower Ankara<br \/>Panora Ankara<\/p><p><strong>ANTAKYA<br \/><\/strong>\u0130skenderun Park Forbes<\/p><p><strong>AYDIN<br \/><\/strong>Forum Aydin<br \/>Ku\u015fadas\u0131<br \/>OpsMall Ayd\u0131n<\/p><p><strong>BALIKES\u0130R<br \/><\/strong>Ayval\u0131k Marina<br \/>Ayval\u0131k K\u0131rlang\u0131\u00e7<br \/>Balikesir 10 Burda<\/p><p><strong>BURSA<br \/><\/strong>Bursa DownTown<br \/>Bursa Korupark<br \/>Marka Bursa<\/p><p><strong>DEN\u0130ZL\u0130<\/strong><br \/>Denizli Horizon<\/p><p><strong>D\u0130YARBAKIR<br \/><\/strong>Diyarbak\u0131r CeylanPark<br \/>Diyarbak\u0131r Forum<\/p><p><strong>ED\u0130RNE<br \/><\/strong>Edirne B&amp;G Stores<\/p><p><strong>ERZURUM<br \/><\/strong>Erzurum B&amp;G stores<\/p><p><strong>ESK\u0130\u015eEH\u0130R<br \/><\/strong>Vega Outlet<\/p><p><strong>GAZ\u0130ANTEP<br \/><\/strong>Antep PrimeMall<br \/>Antep SankoPark<\/p><p><strong>ISPARTA<br \/><\/strong>Centrum Garden Isparta<\/p><p><strong>KAHRAMANMARA\u015e<br \/><\/strong>Piazza Kahramanmara\u015f<\/p><p><strong>KAYSER\u0130<br \/><\/strong>Kayseri Forum<br \/>Kayseri Park<br \/>Kayseri Tuna<\/p>\t\t\t\t\t\t\t\t<\/div>\n\t\t\t\t<\/div>\n\t\t\t\t<div class=\"elementor-element elementor-element-c6d5f57 elementor-widget elementor-widget-text-editor\" data-id=\"c6d5f57\" data-element_type=\"widget\" data-e-type=\"widget\" data-widget_type=\"text-editor.default\">\n\t\t\t\t<div class=\"elementor-widget-container\">\n\t\t\t\t\t\t\t\t\t<p><strong>\u0130ZM\u0130R<br \/><\/strong>Alsancak \u0130zmir<br \/>Ala\u00e7at\u0131 \u00c7ar\u015f\u0131<br \/>\u00c7e\u015fme Marina<br \/>HillTown \u0130zmir<br \/>\u0130zmir \u0130stinyepark<br \/>\u0130zmir Optimum<br \/>Kid Small \u0130zmir<br \/>Sel way Novada \u0130zmir<br \/>Westpark \u0130zmir<\/p><p><strong>KOCAEL\u0130<br \/><\/strong>Kocaeli Symbol<br \/>Kocaeli 41 Burda<\/p><p><strong>KONYA<br \/><\/strong>Konya Kent Plaza<br \/>Konya Enntepe<\/p><p><strong>MARD\u0130N<br \/><\/strong>MardianMall<\/p><p><strong>MERS\u0130N<br \/><\/strong>Mersin Forum<br \/>Mersin Port<br \/>Mersin Palmcity<br \/>Mersin Sayapark<br \/>Mersin Silfke<\/p><p><strong>MU\u011eLA<br \/><\/strong>Bodrum Marina<br \/>Bodrom Midtown<br \/>Marmaris<br \/>Yalikavak Bodrum<\/p><p><strong>NEV\u015eEH\u0130R<br \/><\/strong>Nissara Nev\u015fehir<\/p><p><strong>ORDU<br \/><\/strong>Ordu Cadde<\/p><p><strong>R\u0130ZE<br \/><\/strong>Rize \u015eimal<\/p><p><strong>SAMSUN<\/strong><br \/>Piazza Samsun<br \/>Samsun CityMall<br \/>Ye\u015filyurt Samsun<\/p><p><strong>TRABZON<br \/><\/strong>Trabzon Forum<\/p><p><strong>URFA<br \/><\/strong>Urfa Novada<\/p><p><strong>VAN<br \/><\/strong>Van AVM<\/p><p><strong>YALOVA<br \/><\/strong>Yalova Vega<\/p><p><strong>ZONGULDAK<br \/><\/strong>Zonguldak 67<\/p>\t\t\t\t\t\t\t\t<\/div>\n\t\t\t\t<\/div>\n\t\t\t\t\t<\/div>\n\t\t\t\t<\/div>\n\t\t\t\t\t<\/div>\n\t\t<\/div>\n\t\t\t\t<div class=\"elementor-column elementor-col-50 elementor-top-column elementor-element elementor-element-d244aa0\" data-id=\"d244aa0\" data-element_type=\"column\" data-e-type=\"column\">\n\t\t\t<div class=\"elementor-widget-wrap elementor-element-populated\">\n\t\t\t\t\t\t<div class=\"elementor-element elementor-element-914297d elementor-widget elementor-widget-heading\" data-id=\"914297d\" data-element_type=\"widget\" data-e-type=\"widget\" data-widget_type=\"heading.default\">\n\t\t\t\t<div class=\"elementor-widget-container\">\n\t\t\t\t\t<h4 class=\"elementor-heading-title elementor-size-default\">B&amp;G STORES \u2013 YURT DI\u015eI<\/h4>\t\t\t\t<\/div>\n\t\t\t\t<\/div>\n\t\t<div class=\"elementor-element elementor-element-42c73a0 e-grid e-con-boxed e-con e-parent\" data-id=\"42c73a0\" data-element_type=\"container\" data-e-type=\"container\">\n\t\t\t\t\t<div class=\"e-con-inner\">\n\t\t\t\t<div class=\"elementor-element elementor-element-fac72e5 elementor-widget elementor-widget-text-editor\" data-id=\"fac72e5\" data-element_type=\"widget\" data-e-type=\"widget\" data-widget_type=\"text-editor.default\">\n\t\t\t\t<div class=\"elementor-widget-container\">\n\t\t\t\t\t\t\t\t\t<p><strong>AZERBAYCAN<br \/><\/strong>Bak\u00fc Crescent Mall: Nasimi district, Neftchilar avenue, &#8220;Aypara Palace and Town&#8221; 66, 68<br \/>Bak\u00fc Daniz Mall: Shopping Mall, 26B, Mikay\u0131l Useynov Avenue, Sabail district<\/p><p><strong>DUBA\u0130<br \/><\/strong>Mirdif Mall: 44 62B St, &#8211; MIRDIF<br \/>Dubai Mall: Financial Center Street, Along Sheikh Zayed Road, Next to Burj Khalifa<br \/>Festival City Mall: Marrakech St. Crescent Dr.<\/p><p><strong>G\u00dcRC\u0130STAN<\/strong><br \/>Batumi Grand Mall: 29 Sherif Khimshiashvili St.<\/p><p><strong>\u0130RAN<\/strong><br \/>Mica Mall: Hormozgan Province, Kish, Abshar Sq, G2PF+GRQ<\/p><p><strong>KIBRIS<\/strong><br \/>Girne: Semih Sancar Caddesi, West One apt. D\u00fckkan No:2<br \/>Lefko\u015fa: M. Aktif caddesi No 77 Dereboyu Kumsal<br \/>Gazima\u011fusa: E\u015fref Bitlis Caddesi, Sakarya D\u00f6kmeci Apt, No:1<\/p><p><strong>KUVEYT<\/strong><br \/>The Avenues Mall: Al-Rai, 5th Ring Road, between Ghazali Street &amp; Mohammed Bin Alqasem Street<\/p><p><strong>L\u0130BYA<\/strong><br \/>Benghazi: Venicia street Benghazi Libya \/Tarabulus<\/p><p><strong>\u00d6ZBEK\u0130STAN<\/strong><br \/>Ta\u015fkent City Mall: St. Botir Zakirov St., 7, Tashkent<\/p>\t\t\t\t\t\t\t\t<\/div>\n\t\t\t\t<\/div>\n\t\t\t\t\t<\/div>\n\t\t\t\t<\/div>\n\t\t\t\t\t<\/div>\n\t\t<\/div>\n\t\t\t\t\t<\/div>\n\t\t<\/section>\n\t\t\t\t<\/div>\n\t\t","protected":false},"excerpt":{"rendered":"<p>ONLINE SATI\u015e &#8211; T\u00dcRK\u0130YE B&amp;G STORE&#8217;DA \u00dcR\u00dcNLERI\u0307MI\u0307ZI\u0307 KE\u015eFEDI\u0307N TRENDYOL MA\u011eAZAMIZI ZI\u0307YARET EDI\u0307N B&amp;G STORES \u2013 T\u00dcRK\u0130YE \u0130STANBULAkasya AVMAkbat\u0131 \u0130stanbulAkmerkezAqua FloryaAvenue Beylikd\u00fcz\u00fcBa\u011fdat CaddesiBuyakaCapacity \u0130stanbulCapitolEmaar SuqareFlyinn \u0130stnabulGalata portG\u00f6kt\u00fcrk \u0130stanbulHavaliman\u0131 \u0130\u00e7 Hatlar\u0130stiklal Cadde\u0130stinye Park\u0130stanbul ForumKanyonKozyaTa\u011fi CitysKurtkoy Viaport AsiaLaleli CaddeMarina KartalMall Of IstanbulMetro GardenMARMARAPARKNEXT LEVELNi\u015fanta\u015fi Citys\u00d6zdilekParkPalladium \u0130stanbulTema IstanbulTuzla MarinaTepe NautilusVialandViaport VeneziaVadi \u0130stanbulZorlu \u0130stanbul ADANAAdana Cadde01 Burda AVM ADAPAZARIAdapazar\u0131 AgoraAdapazar\u0131 [&hellip;]<\/p>\n","protected":false},"author":1,"featured_media":0,"parent":0,"menu_order":0,"comment_status":"closed","ping_status":"closed","template":"","meta":{"footnotes":""},"class_list":["post-56031","page","type-page","status-publish","hentry"],"_links":{"self":[{"href":"https:\/\/lialea.com\/tr\/wp-json\/wp\/v2\/pages\/56031","targetHints":{"allow":["GET"]}}],"collection":[{"href":"https:\/\/lialea.com\/tr\/wp-json\/wp\/v2\/pages"}],"about":[{"href":"https:\/\/lialea.com\/tr\/wp-json\/wp\/v2\/types\/page"}],"author":[{"embeddable":true,"href":"https:\/\/lialea.com\/tr\/wp-json\/wp\/v2\/users\/1"}],"replies":[{"embeddable":true,"href":"https:\/\/lialea.com\/tr\/wp-json\/wp\/v2\/comments?post=56031"}],"version-history":[{"count":40,"href":"https:\/\/lialea.com\/tr\/wp-json\/wp\/v2\/pages\/56031\/revisions"}],"predecessor-version":[{"id":56490,"href":"https:\/\/lialea.com\/tr\/wp-json\/wp\/v2\/pages\/56031\/revisions\/56490"}],"wp:attachment":[{"href":"https:\/\/lialea.com\/tr\/wp-json\/wp\/v2\/media?parent=56031"}],"curies":[{"name":"wp","href":"https:\/\/api.w.org\/{rel}","templated":true}]}}