{"id":57280,"date":"2026-03-30T01:55:09","date_gmt":"2026-03-29T22:55:09","guid":{"rendered":"https:\/\/lialea.com\/?post_type=product&#038;p=57280"},"modified":"2026-03-30T01:55:09","modified_gmt":"2026-03-29T22:55:09","slug":"kisa-kiz-cocuk-trenc-ceket","status":"publish","type":"product","link":"https:\/\/lialea.com\/en\/product\/kisa-kiz-cocuk-trenc-ceket\/","title":{"rendered":"KISA KIZ \u00c7OCUK TREN\u00c7 CEKET"},"content":{"rendered":"<p>\u00dcR\u00dcN KODU : CT13078 : KISA KIZ \u00c7OCUK TREN\u00c7 CEKET<\/p>","protected":false},"excerpt":{"rendered":"<p>\u00dcR\u00dcN KODU : CT13078 : KISA KIZ \u00c7OCUK TREN\u00c7 CEKET<\/p>","protected":false},"featured_media":57281,"comment_status":"open","ping_status":"closed","template":"","meta":[],"product_brand":[],"product_cat":[160,161],"product_tag":[],"class_list":{"0":"post-57280","1":"product","2":"type-product","3":"status-publish","4":"has-post-thumbnail","6":"product_cat-ceketler","7":"product_cat-yeni-sezon","10":"first","11":"instock","12":"shipping-taxable","13":"product-type-external"},"_links":{"self":[{"href":"https:\/\/lialea.com\/en\/wp-json\/wp\/v2\/product\/57280","targetHints":{"allow":["GET"]}}],"collection":[{"href":"https:\/\/lialea.com\/en\/wp-json\/wp\/v2\/product"}],"about":[{"href":"https:\/\/lialea.com\/en\/wp-json\/wp\/v2\/types\/product"}],"replies":[{"embeddable":true,"href":"https:\/\/lialea.com\/en\/wp-json\/wp\/v2\/comments?post=57280"}],"wp:featuredmedia":[{"embeddable":true,"href":"https:\/\/lialea.com\/en\/wp-json\/wp\/v2\/media\/57281"}],"wp:attachment":[{"href":"https:\/\/lialea.com\/en\/wp-json\/wp\/v2\/media?parent=57280"}],"wp:term":[{"taxonomy":"product_brand","embeddable":true,"href":"https:\/\/lialea.com\/en\/wp-json\/wp\/v2\/product_brand?post=57280"},{"taxonomy":"product_cat","embeddable":true,"href":"https:\/\/lialea.com\/en\/wp-json\/wp\/v2\/product_cat?post=57280"},{"taxonomy":"product_tag","embeddable":true,"href":"https:\/\/lialea.com\/en\/wp-json\/wp\/v2\/product_tag?post=57280"}],"curies":[{"name":"wp","href":"https:\/\/api.w.org\/{rel}","templated":true}]}}