{"id":57184,"date":"2026-03-27T17:09:15","date_gmt":"2026-03-27T14:09:15","guid":{"rendered":"https:\/\/lialea.com\/?post_type=product&#038;p=57184"},"modified":"2026-03-27T17:11:39","modified_gmt":"2026-03-27T14:11:39","slug":"pile-detayli-kiz-cocuk-kot-elbise","status":"publish","type":"product","link":"https:\/\/lialea.com\/en\/product\/pile-detayli-kiz-cocuk-kot-elbise\/","title":{"rendered":"P\u0130LE DETAYLI KIZ \u00c7OCUK KOT ELB\u0130SE"},"content":{"rendered":"<p>\u00dcR\u00dcN KODU :\u00a0 DS02240 : P\u0130LE DETAYLI KIZ \u00c7OCUK KOT ELB\u0130SE<\/p>","protected":false},"excerpt":{"rendered":"<p>\u00dcR\u00dcN KODU :\u00a0 DS02240 : P\u0130LE DETAYLI KIZ \u00c7OCUK KOT ELB\u0130SE<\/p>","protected":false},"featured_media":57185,"comment_status":"open","ping_status":"closed","template":"","meta":[],"product_brand":[],"product_cat":[152,161],"product_tag":[],"class_list":{"0":"post-57184","1":"product","2":"type-product","3":"status-publish","4":"has-post-thumbnail","6":"product_cat-elbiseler-4-12-yas","7":"product_cat-yeni-sezon","10":"first","11":"instock","12":"featured","13":"shipping-taxable","14":"product-type-external"},"_links":{"self":[{"href":"https:\/\/lialea.com\/en\/wp-json\/wp\/v2\/product\/57184","targetHints":{"allow":["GET"]}}],"collection":[{"href":"https:\/\/lialea.com\/en\/wp-json\/wp\/v2\/product"}],"about":[{"href":"https:\/\/lialea.com\/en\/wp-json\/wp\/v2\/types\/product"}],"replies":[{"embeddable":true,"href":"https:\/\/lialea.com\/en\/wp-json\/wp\/v2\/comments?post=57184"}],"wp:featuredmedia":[{"embeddable":true,"href":"https:\/\/lialea.com\/en\/wp-json\/wp\/v2\/media\/57185"}],"wp:attachment":[{"href":"https:\/\/lialea.com\/en\/wp-json\/wp\/v2\/media?parent=57184"}],"wp:term":[{"taxonomy":"product_brand","embeddable":true,"href":"https:\/\/lialea.com\/en\/wp-json\/wp\/v2\/product_brand?post=57184"},{"taxonomy":"product_cat","embeddable":true,"href":"https:\/\/lialea.com\/en\/wp-json\/wp\/v2\/product_cat?post=57184"},{"taxonomy":"product_tag","embeddable":true,"href":"https:\/\/lialea.com\/en\/wp-json\/wp\/v2\/product_tag?post=57184"}],"curies":[{"name":"wp","href":"https:\/\/api.w.org\/{rel}","templated":true}]}}