{"id":57177,"date":"2026-03-27T17:01:05","date_gmt":"2026-03-27T14:01:05","guid":{"rendered":"https:\/\/lialea.com\/?post_type=product&#038;p=57177"},"modified":"2026-03-27T17:11:45","modified_gmt":"2026-03-27T14:11:45","slug":"pamuklu-firfir-tul-kol-detayli-kiz-cocuk-elbise","status":"publish","type":"product","link":"https:\/\/lialea.com\/en\/product\/pamuklu-firfir-tul-kol-detayli-kiz-cocuk-elbise\/","title":{"rendered":"PAMUKLU FIRFIR T\u00dcL KOL DETAYLI KIZ \u00c7OCUK ELB\u0130SE"},"content":{"rendered":"<p>\u00dcR\u00dcN KODU :\u00a0 DS02239\u00a0 : PAMUKLU FIRFIR T\u00dcL KOL DETAYLI KIZ \u00c7OCUK ELB\u0130SE<\/p>","protected":false},"excerpt":{"rendered":"<p>\u00dcR\u00dcN KODU :\u00a0 DS02239\u00a0 : PAMUKLU FIRFIR T\u00dcL KOL DETAYLI KIZ \u00c7OCUK ELB\u0130SE<\/p>","protected":false},"featured_media":57178,"comment_status":"open","ping_status":"closed","template":"","meta":[],"product_brand":[],"product_cat":[152,161],"product_tag":[],"class_list":{"0":"post-57177","1":"product","2":"type-product","3":"status-publish","4":"has-post-thumbnail","6":"product_cat-elbiseler-4-12-yas","7":"product_cat-yeni-sezon","10":"first","11":"instock","12":"featured","13":"shipping-taxable","14":"product-type-external"},"_links":{"self":[{"href":"https:\/\/lialea.com\/en\/wp-json\/wp\/v2\/product\/57177","targetHints":{"allow":["GET"]}}],"collection":[{"href":"https:\/\/lialea.com\/en\/wp-json\/wp\/v2\/product"}],"about":[{"href":"https:\/\/lialea.com\/en\/wp-json\/wp\/v2\/types\/product"}],"replies":[{"embeddable":true,"href":"https:\/\/lialea.com\/en\/wp-json\/wp\/v2\/comments?post=57177"}],"wp:featuredmedia":[{"embeddable":true,"href":"https:\/\/lialea.com\/en\/wp-json\/wp\/v2\/media\/57178"}],"wp:attachment":[{"href":"https:\/\/lialea.com\/en\/wp-json\/wp\/v2\/media?parent=57177"}],"wp:term":[{"taxonomy":"product_brand","embeddable":true,"href":"https:\/\/lialea.com\/en\/wp-json\/wp\/v2\/product_brand?post=57177"},{"taxonomy":"product_cat","embeddable":true,"href":"https:\/\/lialea.com\/en\/wp-json\/wp\/v2\/product_cat?post=57177"},{"taxonomy":"product_tag","embeddable":true,"href":"https:\/\/lialea.com\/en\/wp-json\/wp\/v2\/product_tag?post=57177"}],"curies":[{"name":"wp","href":"https:\/\/api.w.org\/{rel}","templated":true}]}}