{"id":57159,"date":"2026-03-27T15:22:30","date_gmt":"2026-03-27T12:22:30","guid":{"rendered":"https:\/\/lialea.com\/?post_type=product&#038;p=57159"},"modified":"2026-03-27T15:34:18","modified_gmt":"2026-03-27T12:34:18","slug":"gold-jakar-kiz-cocuk-parti-elbisesi","status":"publish","type":"product","link":"https:\/\/lialea.com\/en\/product\/gold-jakar-kiz-cocuk-parti-elbisesi\/","title":{"rendered":"GOLD JAKAR KIZ \u00c7OCUK PART\u0130 ELB\u0130SES\u0130"},"content":{"rendered":"<p>\u00dcR\u00dcN KODU : DS02235 : GOLD JAKAR KIZ \u00c7OCUK PART\u0130 ELB\u0130SES\u0130<\/p>","protected":false},"excerpt":{"rendered":"<p>\u00dcR\u00dcN KODU : DS02235 : GOLD JAKAR KIZ \u00c7OCUK PART\u0130 ELB\u0130SES\u0130<\/p>","protected":false},"featured_media":57160,"comment_status":"open","ping_status":"closed","template":"","meta":[],"product_brand":[],"product_cat":[152,161],"product_tag":[],"class_list":{"0":"post-57159","1":"product","2":"type-product","3":"status-publish","4":"has-post-thumbnail","6":"product_cat-elbiseler-4-12-yas","7":"product_cat-yeni-sezon","10":"first","11":"instock","12":"featured","13":"shipping-taxable","14":"product-type-external"},"_links":{"self":[{"href":"https:\/\/lialea.com\/en\/wp-json\/wp\/v2\/product\/57159","targetHints":{"allow":["GET"]}}],"collection":[{"href":"https:\/\/lialea.com\/en\/wp-json\/wp\/v2\/product"}],"about":[{"href":"https:\/\/lialea.com\/en\/wp-json\/wp\/v2\/types\/product"}],"replies":[{"embeddable":true,"href":"https:\/\/lialea.com\/en\/wp-json\/wp\/v2\/comments?post=57159"}],"wp:featuredmedia":[{"embeddable":true,"href":"https:\/\/lialea.com\/en\/wp-json\/wp\/v2\/media\/57160"}],"wp:attachment":[{"href":"https:\/\/lialea.com\/en\/wp-json\/wp\/v2\/media?parent=57159"}],"wp:term":[{"taxonomy":"product_brand","embeddable":true,"href":"https:\/\/lialea.com\/en\/wp-json\/wp\/v2\/product_brand?post=57159"},{"taxonomy":"product_cat","embeddable":true,"href":"https:\/\/lialea.com\/en\/wp-json\/wp\/v2\/product_cat?post=57159"},{"taxonomy":"product_tag","embeddable":true,"href":"https:\/\/lialea.com\/en\/wp-json\/wp\/v2\/product_tag?post=57159"}],"curies":[{"name":"wp","href":"https:\/\/api.w.org\/{rel}","templated":true}]}}