{"id":57149,"date":"2026-03-27T15:06:22","date_gmt":"2026-03-27T12:06:22","guid":{"rendered":"https:\/\/lialea.com\/?post_type=product&#038;p=57149"},"modified":"2026-03-27T15:34:34","modified_gmt":"2026-03-27T12:34:34","slug":"fiyonk-detayli-kiz-cocuk-parti-elbisesi","status":"publish","type":"product","link":"https:\/\/lialea.com\/en\/product\/fiyonk-detayli-kiz-cocuk-parti-elbisesi\/","title":{"rendered":"F\u0130YONK DETAYLI KIZ \u00c7OCUK PART\u0130 ELB\u0130SES\u0130"},"content":{"rendered":"<p>\u00dcR\u00dcN KODU : DS02231 : F\u0130YONK DETAYLI KIZ \u00c7OCUK PART\u0130 ELB\u0130SES\u0130<\/p>","protected":false},"excerpt":{"rendered":"<p>\u00dcR\u00dcN KODU : DS02231 : F\u0130YONK DETAYLI KIZ \u00c7OCUK PART\u0130 ELB\u0130SES\u0130<\/p>","protected":false},"featured_media":57150,"comment_status":"open","ping_status":"closed","template":"","meta":[],"product_brand":[],"product_cat":[152,161],"product_tag":[],"class_list":{"0":"post-57149","1":"product","2":"type-product","3":"status-publish","4":"has-post-thumbnail","6":"product_cat-elbiseler-4-12-yas","7":"product_cat-yeni-sezon","10":"first","11":"instock","12":"featured","13":"shipping-taxable","14":"product-type-external"},"_links":{"self":[{"href":"https:\/\/lialea.com\/en\/wp-json\/wp\/v2\/product\/57149","targetHints":{"allow":["GET"]}}],"collection":[{"href":"https:\/\/lialea.com\/en\/wp-json\/wp\/v2\/product"}],"about":[{"href":"https:\/\/lialea.com\/en\/wp-json\/wp\/v2\/types\/product"}],"replies":[{"embeddable":true,"href":"https:\/\/lialea.com\/en\/wp-json\/wp\/v2\/comments?post=57149"}],"wp:featuredmedia":[{"embeddable":true,"href":"https:\/\/lialea.com\/en\/wp-json\/wp\/v2\/media\/57150"}],"wp:attachment":[{"href":"https:\/\/lialea.com\/en\/wp-json\/wp\/v2\/media?parent=57149"}],"wp:term":[{"taxonomy":"product_brand","embeddable":true,"href":"https:\/\/lialea.com\/en\/wp-json\/wp\/v2\/product_brand?post=57149"},{"taxonomy":"product_cat","embeddable":true,"href":"https:\/\/lialea.com\/en\/wp-json\/wp\/v2\/product_cat?post=57149"},{"taxonomy":"product_tag","embeddable":true,"href":"https:\/\/lialea.com\/en\/wp-json\/wp\/v2\/product_tag?post=57149"}],"curies":[{"name":"wp","href":"https:\/\/api.w.org\/{rel}","templated":true}]}}