{"id":57125,"date":"2026-03-27T14:01:23","date_gmt":"2026-03-27T11:01:23","guid":{"rendered":"https:\/\/lialea.com\/?post_type=product&#038;p=57125"},"modified":"2026-03-27T14:01:23","modified_gmt":"2026-03-27T11:01:23","slug":"tul-detayli-bahcivan-kot-kiz-cocuk-elbise","status":"publish","type":"product","link":"https:\/\/lialea.com\/en\/product\/tul-detayli-bahcivan-kot-kiz-cocuk-elbise\/","title":{"rendered":"T\u00dcL DETAYLI BAH\u00c7IVAN KOT KIZ \u00c7OCUK ELB\u0130SE"},"content":{"rendered":"<p>\u00dcR\u00dcN KODU : DS02219 : T\u00dcL DETAYLI BAH\u00c7IVAN KOT KIZ \u00c7OCUK ELB\u0130SE<\/p>","protected":false},"excerpt":{"rendered":"<p>\u00dcR\u00dcN KODU : DS02219 : T\u00dcL DETAYLI BAH\u00c7IVAN KOT KIZ \u00c7OCUK ELB\u0130SE<\/p>","protected":false},"featured_media":57126,"comment_status":"open","ping_status":"closed","template":"","meta":[],"product_brand":[],"product_cat":[152,161],"product_tag":[],"class_list":{"0":"post-57125","1":"product","2":"type-product","3":"status-publish","4":"has-post-thumbnail","6":"product_cat-elbiseler-4-12-yas","7":"product_cat-yeni-sezon","10":"first","11":"instock","12":"shipping-taxable","13":"product-type-external"},"_links":{"self":[{"href":"https:\/\/lialea.com\/en\/wp-json\/wp\/v2\/product\/57125","targetHints":{"allow":["GET"]}}],"collection":[{"href":"https:\/\/lialea.com\/en\/wp-json\/wp\/v2\/product"}],"about":[{"href":"https:\/\/lialea.com\/en\/wp-json\/wp\/v2\/types\/product"}],"replies":[{"embeddable":true,"href":"https:\/\/lialea.com\/en\/wp-json\/wp\/v2\/comments?post=57125"}],"wp:featuredmedia":[{"embeddable":true,"href":"https:\/\/lialea.com\/en\/wp-json\/wp\/v2\/media\/57126"}],"wp:attachment":[{"href":"https:\/\/lialea.com\/en\/wp-json\/wp\/v2\/media?parent=57125"}],"wp:term":[{"taxonomy":"product_brand","embeddable":true,"href":"https:\/\/lialea.com\/en\/wp-json\/wp\/v2\/product_brand?post=57125"},{"taxonomy":"product_cat","embeddable":true,"href":"https:\/\/lialea.com\/en\/wp-json\/wp\/v2\/product_cat?post=57125"},{"taxonomy":"product_tag","embeddable":true,"href":"https:\/\/lialea.com\/en\/wp-json\/wp\/v2\/product_tag?post=57125"}],"curies":[{"name":"wp","href":"https:\/\/api.w.org\/{rel}","templated":true}]}}