{"id":57069,"date":"2026-03-04T10:15:06","date_gmt":"2026-03-04T07:15:06","guid":{"rendered":"https:\/\/lialea.com\/?post_type=product&#038;p=57069"},"modified":"2026-03-27T13:10:16","modified_gmt":"2026-03-27T10:10:16","slug":"ds02207","status":"publish","type":"product","link":"https:\/\/lialea.com\/en\/product\/ds02207\/","title":{"rendered":"KOLSUZ F\u0130LE DETAYLI KIZ \u00c7OCUK ELB\u0130SE"},"content":{"rendered":"<p>\u00dcR\u00dcN KODU : DS02207 : KOLSUZ F\u0130LE DETAYLI KIZ \u00c7OCUK ELB\u0130SE<\/p>","protected":false},"excerpt":{"rendered":"<p>\u00dcR\u00dcN KODU : DS02207 : KOLSUZ F\u0130LE DETAYLI KIZ \u00c7OCUK ELB\u0130SE<\/p>","protected":false},"featured_media":57070,"comment_status":"open","ping_status":"closed","template":"","meta":[],"product_brand":[],"product_cat":[152,161],"product_tag":[],"class_list":{"0":"post-57069","1":"product","2":"type-product","3":"status-publish","4":"has-post-thumbnail","6":"product_cat-elbiseler-4-12-yas","7":"product_cat-yeni-sezon","10":"first","11":"instock","12":"shipping-taxable","13":"product-type-external"},"_links":{"self":[{"href":"https:\/\/lialea.com\/en\/wp-json\/wp\/v2\/product\/57069","targetHints":{"allow":["GET"]}}],"collection":[{"href":"https:\/\/lialea.com\/en\/wp-json\/wp\/v2\/product"}],"about":[{"href":"https:\/\/lialea.com\/en\/wp-json\/wp\/v2\/types\/product"}],"replies":[{"embeddable":true,"href":"https:\/\/lialea.com\/en\/wp-json\/wp\/v2\/comments?post=57069"}],"wp:featuredmedia":[{"embeddable":true,"href":"https:\/\/lialea.com\/en\/wp-json\/wp\/v2\/media\/57070"}],"wp:attachment":[{"href":"https:\/\/lialea.com\/en\/wp-json\/wp\/v2\/media?parent=57069"}],"wp:term":[{"taxonomy":"product_brand","embeddable":true,"href":"https:\/\/lialea.com\/en\/wp-json\/wp\/v2\/product_brand?post=57069"},{"taxonomy":"product_cat","embeddable":true,"href":"https:\/\/lialea.com\/en\/wp-json\/wp\/v2\/product_cat?post=57069"},{"taxonomy":"product_tag","embeddable":true,"href":"https:\/\/lialea.com\/en\/wp-json\/wp\/v2\/product_tag?post=57069"}],"curies":[{"name":"wp","href":"https:\/\/api.w.org\/{rel}","templated":true}]}}