{"id":56804,"date":"2025-08-15T17:10:54","date_gmt":"2025-08-15T14:10:54","guid":{"rendered":"https:\/\/lialea.com\/?post_type=product&#038;p=56804"},"modified":"2026-03-27T15:32:43","modified_gmt":"2026-03-27T12:32:43","slug":"ayicikli-sac-taci","status":"publish","type":"product","link":"https:\/\/lialea.com\/en\/product\/ayicikli-sac-taci\/","title":{"rendered":"AYICIKLI SA\u00c7 TACI"},"content":{"rendered":"<p>\u00dcR\u00dcN KODU : HB16286<\/p>","protected":false},"excerpt":{"rendered":"<p>\u00dcR\u00dcN KODU : HB16286<\/p>","protected":false},"featured_media":56805,"comment_status":"open","ping_status":"closed","template":"","meta":[],"product_brand":[],"product_cat":[158],"product_tag":[],"class_list":{"0":"post-56804","1":"product","2":"type-product","3":"status-publish","4":"has-post-thumbnail","6":"product_cat-sac-aksesuarlari","9":"first","10":"instock","11":"shipping-taxable","12":"product-type-external"},"_links":{"self":[{"href":"https:\/\/lialea.com\/en\/wp-json\/wp\/v2\/product\/56804","targetHints":{"allow":["GET"]}}],"collection":[{"href":"https:\/\/lialea.com\/en\/wp-json\/wp\/v2\/product"}],"about":[{"href":"https:\/\/lialea.com\/en\/wp-json\/wp\/v2\/types\/product"}],"replies":[{"embeddable":true,"href":"https:\/\/lialea.com\/en\/wp-json\/wp\/v2\/comments?post=56804"}],"wp:featuredmedia":[{"embeddable":true,"href":"https:\/\/lialea.com\/en\/wp-json\/wp\/v2\/media\/56805"}],"wp:attachment":[{"href":"https:\/\/lialea.com\/en\/wp-json\/wp\/v2\/media?parent=56804"}],"wp:term":[{"taxonomy":"product_brand","embeddable":true,"href":"https:\/\/lialea.com\/en\/wp-json\/wp\/v2\/product_brand?post=56804"},{"taxonomy":"product_cat","embeddable":true,"href":"https:\/\/lialea.com\/en\/wp-json\/wp\/v2\/product_cat?post=56804"},{"taxonomy":"product_tag","embeddable":true,"href":"https:\/\/lialea.com\/en\/wp-json\/wp\/v2\/product_tag?post=56804"}],"curies":[{"name":"wp","href":"https:\/\/api.w.org\/{rel}","templated":true}]}}