{"id":56788,"date":"2025-08-15T16:50:22","date_gmt":"2025-08-15T13:50:22","guid":{"rendered":"https:\/\/lialea.com\/?post_type=product&#038;p=56788"},"modified":"2026-03-27T15:25:50","modified_gmt":"2026-03-27T12:25:50","slug":"papagan-nakis-bebek-elbise","status":"publish","type":"product","link":"https:\/\/lialea.com\/en\/product\/papagan-nakis-bebek-elbise\/","title":{"rendered":"PAPA\u011eAN NAKI\u015e BEBEK ELB\u0130SE"},"content":{"rendered":"<p><img decoding=\"async\" class=\"alignnone size-full wp-image-56895\" src=\"https:\/\/lialea.com\/wp-content\/uploads\/2025\/08\/bedenler-40.jpg\" alt=\"\" width=\"318\" height=\"153\" \/><\/p>\n<p>&nbsp;<\/p>\n<p>\u00dcR\u00dcN KODU : DSB0292<\/p>","protected":false},"excerpt":{"rendered":"<p>&nbsp; \u00dcR\u00dcN KODU : DSB0292<\/p>","protected":false},"featured_media":56789,"comment_status":"open","ping_status":"closed","template":"","meta":[],"product_brand":[],"product_cat":[156],"product_tag":[],"class_list":{"0":"post-56788","1":"product","2":"type-product","3":"status-publish","4":"has-post-thumbnail","6":"product_cat-bebek-elbiseleri-1-3-yas","9":"first","10":"instock","11":"shipping-taxable","12":"product-type-external"},"_links":{"self":[{"href":"https:\/\/lialea.com\/en\/wp-json\/wp\/v2\/product\/56788","targetHints":{"allow":["GET"]}}],"collection":[{"href":"https:\/\/lialea.com\/en\/wp-json\/wp\/v2\/product"}],"about":[{"href":"https:\/\/lialea.com\/en\/wp-json\/wp\/v2\/types\/product"}],"replies":[{"embeddable":true,"href":"https:\/\/lialea.com\/en\/wp-json\/wp\/v2\/comments?post=56788"}],"wp:featuredmedia":[{"embeddable":true,"href":"https:\/\/lialea.com\/en\/wp-json\/wp\/v2\/media\/56789"}],"wp:attachment":[{"href":"https:\/\/lialea.com\/en\/wp-json\/wp\/v2\/media?parent=56788"}],"wp:term":[{"taxonomy":"product_brand","embeddable":true,"href":"https:\/\/lialea.com\/en\/wp-json\/wp\/v2\/product_brand?post=56788"},{"taxonomy":"product_cat","embeddable":true,"href":"https:\/\/lialea.com\/en\/wp-json\/wp\/v2\/product_cat?post=56788"},{"taxonomy":"product_tag","embeddable":true,"href":"https:\/\/lialea.com\/en\/wp-json\/wp\/v2\/product_tag?post=56788"}],"curies":[{"name":"wp","href":"https:\/\/api.w.org\/{rel}","templated":true}]}}