{"id":56721,"date":"2025-08-15T14:04:17","date_gmt":"2025-08-15T11:04:17","guid":{"rendered":"https:\/\/lialea.com\/?post_type=product&#038;p=56721"},"modified":"2026-03-27T15:30:15","modified_gmt":"2026-03-27T12:30:15","slug":"parlak-bronz-sort-etek","status":"publish","type":"product","link":"https:\/\/lialea.com\/en\/product\/parlak-bronz-sort-etek\/","title":{"rendered":"PARLAK BRONZ \u015eORT ETEK"},"content":{"rendered":"<p>Model 144 cm boyundad\u0131r ve 9-10 ya\u015f beden giymektedir.<\/p>\n<p><img fetchpriority=\"high\" decoding=\"async\" class=\"alignnone size-full wp-image-56879\" src=\"https:\/\/lialea.com\/wp-content\/uploads\/2025\/08\/bedenler-27.jpg\" alt=\"\" width=\"482\" height=\"140\" \/><\/p>\n<p>&nbsp;<\/p>\n<p>\u00dcR\u00dcN KODU : SH09129<\/p>","protected":false},"excerpt":{"rendered":"<p>Model 144 cm boyundad\u0131r ve 9-10 ya\u015f beden giymektedir. &nbsp; \u00dcR\u00dcN KODU : SH09129<\/p>","protected":false},"featured_media":56722,"comment_status":"open","ping_status":"closed","template":"","meta":[],"product_brand":[],"product_cat":[159],"product_tag":[],"class_list":{"0":"post-56721","1":"product","2":"type-product","3":"status-publish","4":"has-post-thumbnail","6":"product_cat-sortlar","9":"first","10":"instock","11":"shipping-taxable","12":"product-type-external"},"_links":{"self":[{"href":"https:\/\/lialea.com\/en\/wp-json\/wp\/v2\/product\/56721","targetHints":{"allow":["GET"]}}],"collection":[{"href":"https:\/\/lialea.com\/en\/wp-json\/wp\/v2\/product"}],"about":[{"href":"https:\/\/lialea.com\/en\/wp-json\/wp\/v2\/types\/product"}],"replies":[{"embeddable":true,"href":"https:\/\/lialea.com\/en\/wp-json\/wp\/v2\/comments?post=56721"}],"wp:featuredmedia":[{"embeddable":true,"href":"https:\/\/lialea.com\/en\/wp-json\/wp\/v2\/media\/56722"}],"wp:attachment":[{"href":"https:\/\/lialea.com\/en\/wp-json\/wp\/v2\/media?parent=56721"}],"wp:term":[{"taxonomy":"product_brand","embeddable":true,"href":"https:\/\/lialea.com\/en\/wp-json\/wp\/v2\/product_brand?post=56721"},{"taxonomy":"product_cat","embeddable":true,"href":"https:\/\/lialea.com\/en\/wp-json\/wp\/v2\/product_cat?post=56721"},{"taxonomy":"product_tag","embeddable":true,"href":"https:\/\/lialea.com\/en\/wp-json\/wp\/v2\/product_tag?post=56721"}],"curies":[{"name":"wp","href":"https:\/\/api.w.org\/{rel}","templated":true}]}}