{"id":56712,"date":"2025-08-15T13:56:54","date_gmt":"2025-08-15T10:56:54","guid":{"rendered":"https:\/\/lialea.com\/?post_type=product&#038;p=56712"},"modified":"2026-03-27T15:26:52","modified_gmt":"2026-03-27T12:26:52","slug":"cicekli-esofman-alti","status":"publish","type":"product","link":"https:\/\/lialea.com\/en\/product\/cicekli-esofman-alti\/","title":{"rendered":"\u00c7\u0130\u00c7EKL\u0130 E\u015eOFMAN ALTI"},"content":{"rendered":"<p>Model 144 cm boyundad\u0131r ve 9-10 ya\u015f beden giymektedir.<\/p>\n<p><img fetchpriority=\"high\" decoding=\"async\" class=\"alignnone size-full wp-image-56860\" src=\"https:\/\/lialea.com\/wp-content\/uploads\/2025\/08\/bedenler-9.jpg\" alt=\"\" width=\"477\" height=\"164\" \/><\/p>\n<p>&nbsp;<\/p>\n<p>\u00dcR\u00dcN KODU : PT08234<\/p>","protected":false},"excerpt":{"rendered":"<p>Model 144 cm boyundad\u0131r ve 9-10 ya\u015f beden giymektedir. &nbsp; \u00dcR\u00dcN KODU : PT08234<\/p>","protected":false},"featured_media":56713,"comment_status":"open","ping_status":"closed","template":"","meta":[],"product_brand":[],"product_cat":[153],"product_tag":[],"class_list":{"0":"post-56712","1":"product","2":"type-product","3":"status-publish","4":"has-post-thumbnail","6":"product_cat-pantolonlar","9":"first","10":"instock","11":"shipping-taxable","12":"product-type-external"},"_links":{"self":[{"href":"https:\/\/lialea.com\/en\/wp-json\/wp\/v2\/product\/56712","targetHints":{"allow":["GET"]}}],"collection":[{"href":"https:\/\/lialea.com\/en\/wp-json\/wp\/v2\/product"}],"about":[{"href":"https:\/\/lialea.com\/en\/wp-json\/wp\/v2\/types\/product"}],"replies":[{"embeddable":true,"href":"https:\/\/lialea.com\/en\/wp-json\/wp\/v2\/comments?post=56712"}],"wp:featuredmedia":[{"embeddable":true,"href":"https:\/\/lialea.com\/en\/wp-json\/wp\/v2\/media\/56713"}],"wp:attachment":[{"href":"https:\/\/lialea.com\/en\/wp-json\/wp\/v2\/media?parent=56712"}],"wp:term":[{"taxonomy":"product_brand","embeddable":true,"href":"https:\/\/lialea.com\/en\/wp-json\/wp\/v2\/product_brand?post=56712"},{"taxonomy":"product_cat","embeddable":true,"href":"https:\/\/lialea.com\/en\/wp-json\/wp\/v2\/product_cat?post=56712"},{"taxonomy":"product_tag","embeddable":true,"href":"https:\/\/lialea.com\/en\/wp-json\/wp\/v2\/product_tag?post=56712"}],"curies":[{"name":"wp","href":"https:\/\/api.w.org\/{rel}","templated":true}]}}