{"id":56701,"date":"2025-08-15T13:50:11","date_gmt":"2025-08-15T10:50:11","guid":{"rendered":"https:\/\/lialea.com\/?post_type=product&#038;p=56701"},"modified":"2026-03-27T15:27:31","modified_gmt":"2026-03-27T12:27:31","slug":"fiyonk-parti-elbisesi","status":"publish","type":"product","link":"https:\/\/lialea.com\/en\/product\/fiyonk-parti-elbisesi\/","title":{"rendered":"F\u0130YONK PART\u0130 ELB\u0130SES\u0130"},"content":{"rendered":"<p>&#8220;Model 144 cm boyundad\u0131r ve 9-10 ya\u015f beden giymektedir.&#8221;<\/p>\n<p>\u00dcR\u00dcN KODU : DS02194<\/p>","protected":false},"excerpt":{"rendered":"<p>&#8220;Model 144 cm boyundad\u0131r ve 9-10 ya\u015f beden giymektedir.&#8221; \u00dcR\u00dcN KODU : DS02194<\/p>","protected":false},"featured_media":56702,"comment_status":"open","ping_status":"closed","template":"","meta":[],"product_brand":[],"product_cat":[152],"product_tag":[],"class_list":{"0":"post-56701","1":"product","2":"type-product","3":"status-publish","4":"has-post-thumbnail","6":"product_cat-elbiseler-4-12-yas","9":"first","10":"instock","11":"shipping-taxable","12":"product-type-external"},"_links":{"self":[{"href":"https:\/\/lialea.com\/en\/wp-json\/wp\/v2\/product\/56701","targetHints":{"allow":["GET"]}}],"collection":[{"href":"https:\/\/lialea.com\/en\/wp-json\/wp\/v2\/product"}],"about":[{"href":"https:\/\/lialea.com\/en\/wp-json\/wp\/v2\/types\/product"}],"replies":[{"embeddable":true,"href":"https:\/\/lialea.com\/en\/wp-json\/wp\/v2\/comments?post=56701"}],"wp:featuredmedia":[{"embeddable":true,"href":"https:\/\/lialea.com\/en\/wp-json\/wp\/v2\/media\/56702"}],"wp:attachment":[{"href":"https:\/\/lialea.com\/en\/wp-json\/wp\/v2\/media?parent=56701"}],"wp:term":[{"taxonomy":"product_brand","embeddable":true,"href":"https:\/\/lialea.com\/en\/wp-json\/wp\/v2\/product_brand?post=56701"},{"taxonomy":"product_cat","embeddable":true,"href":"https:\/\/lialea.com\/en\/wp-json\/wp\/v2\/product_cat?post=56701"},{"taxonomy":"product_tag","embeddable":true,"href":"https:\/\/lialea.com\/en\/wp-json\/wp\/v2\/product_tag?post=56701"}],"curies":[{"name":"wp","href":"https:\/\/api.w.org\/{rel}","templated":true}]}}