{"id":56691,"date":"2025-08-15T13:34:49","date_gmt":"2025-08-15T10:34:49","guid":{"rendered":"https:\/\/lialea.com\/?post_type=product&#038;p=56691"},"modified":"2026-03-27T15:30:24","modified_gmt":"2026-03-27T12:30:24","slug":"fermuar-detayli-sweat-elbise","status":"publish","type":"product","link":"https:\/\/lialea.com\/en\/product\/fermuar-detayli-sweat-elbise\/","title":{"rendered":"FERMUAR DETAYLI SWEAT ELB\u0130SE"},"content":{"rendered":"<p>Model 144 cm boyundad\u0131r ve 9-10 ya\u015f beden giymektedir.<\/p>\n<p><img fetchpriority=\"high\" decoding=\"async\" class=\"alignnone size-full wp-image-56889\" src=\"https:\/\/lialea.com\/wp-content\/uploads\/2025\/08\/bedenler-36.jpg\" alt=\"\" width=\"481\" height=\"152\" \/><\/p>\n<p>\u00dcR\u00dcN KODU : DS02192<\/p>","protected":false},"excerpt":{"rendered":"<p>Model 144 cm boyundad\u0131r ve 9-10 ya\u015f beden giymektedir. \u00dcR\u00dcN KODU : DS02192<\/p>","protected":false},"featured_media":56692,"comment_status":"open","ping_status":"closed","template":"","meta":[],"product_brand":[],"product_cat":[152],"product_tag":[],"class_list":{"0":"post-56691","1":"product","2":"type-product","3":"status-publish","4":"has-post-thumbnail","6":"product_cat-elbiseler-4-12-yas","9":"first","10":"instock","11":"shipping-taxable","12":"product-type-external"},"_links":{"self":[{"href":"https:\/\/lialea.com\/en\/wp-json\/wp\/v2\/product\/56691","targetHints":{"allow":["GET"]}}],"collection":[{"href":"https:\/\/lialea.com\/en\/wp-json\/wp\/v2\/product"}],"about":[{"href":"https:\/\/lialea.com\/en\/wp-json\/wp\/v2\/types\/product"}],"replies":[{"embeddable":true,"href":"https:\/\/lialea.com\/en\/wp-json\/wp\/v2\/comments?post=56691"}],"wp:featuredmedia":[{"embeddable":true,"href":"https:\/\/lialea.com\/en\/wp-json\/wp\/v2\/media\/56692"}],"wp:attachment":[{"href":"https:\/\/lialea.com\/en\/wp-json\/wp\/v2\/media?parent=56691"}],"wp:term":[{"taxonomy":"product_brand","embeddable":true,"href":"https:\/\/lialea.com\/en\/wp-json\/wp\/v2\/product_brand?post=56691"},{"taxonomy":"product_cat","embeddable":true,"href":"https:\/\/lialea.com\/en\/wp-json\/wp\/v2\/product_cat?post=56691"},{"taxonomy":"product_tag","embeddable":true,"href":"https:\/\/lialea.com\/en\/wp-json\/wp\/v2\/product_tag?post=56691"}],"curies":[{"name":"wp","href":"https:\/\/api.w.org\/{rel}","templated":true}]}}