{"id":56684,"date":"2025-08-15T13:28:28","date_gmt":"2025-08-15T10:28:28","guid":{"rendered":"https:\/\/lialea.com\/?post_type=product&#038;p=56684"},"modified":"2026-03-27T15:30:36","modified_gmt":"2026-03-27T12:30:36","slug":"deri-gul-eksesuarli-sweat-elbise","status":"publish","type":"product","link":"https:\/\/lialea.com\/en\/product\/deri-gul-eksesuarli-sweat-elbise\/","title":{"rendered":"DER\u0130 G\u00dcL EKSESUARLI SWEAT ELB\u0130SE"},"content":{"rendered":"<p>Model 144 cm boyundad\u0131r ve 9-10 ya\u015f beden giymektedir.<\/p>\n<p><img fetchpriority=\"high\" decoding=\"async\" class=\"alignnone size-full wp-image-56887\" src=\"https:\/\/lialea.com\/wp-content\/uploads\/2025\/08\/bedenler-34.jpg\" alt=\"\" width=\"476\" height=\"137\" \/><\/p>\n<p>\u00dcR\u00dcN KODU : DS02183<\/p>","protected":false},"excerpt":{"rendered":"<p>Model 144 cm boyundad\u0131r ve 9-10 ya\u015f beden giymektedir. \u00dcR\u00dcN KODU : DS02183<\/p>","protected":false},"featured_media":56685,"comment_status":"open","ping_status":"closed","template":"","meta":[],"product_brand":[],"product_cat":[152],"product_tag":[],"class_list":{"0":"post-56684","1":"product","2":"type-product","3":"status-publish","4":"has-post-thumbnail","6":"product_cat-elbiseler-4-12-yas","9":"first","10":"instock","11":"shipping-taxable","12":"product-type-external"},"_links":{"self":[{"href":"https:\/\/lialea.com\/en\/wp-json\/wp\/v2\/product\/56684","targetHints":{"allow":["GET"]}}],"collection":[{"href":"https:\/\/lialea.com\/en\/wp-json\/wp\/v2\/product"}],"about":[{"href":"https:\/\/lialea.com\/en\/wp-json\/wp\/v2\/types\/product"}],"replies":[{"embeddable":true,"href":"https:\/\/lialea.com\/en\/wp-json\/wp\/v2\/comments?post=56684"}],"wp:featuredmedia":[{"embeddable":true,"href":"https:\/\/lialea.com\/en\/wp-json\/wp\/v2\/media\/56685"}],"wp:attachment":[{"href":"https:\/\/lialea.com\/en\/wp-json\/wp\/v2\/media?parent=56684"}],"wp:term":[{"taxonomy":"product_brand","embeddable":true,"href":"https:\/\/lialea.com\/en\/wp-json\/wp\/v2\/product_brand?post=56684"},{"taxonomy":"product_cat","embeddable":true,"href":"https:\/\/lialea.com\/en\/wp-json\/wp\/v2\/product_cat?post=56684"},{"taxonomy":"product_tag","embeddable":true,"href":"https:\/\/lialea.com\/en\/wp-json\/wp\/v2\/product_tag?post=56684"}],"curies":[{"name":"wp","href":"https:\/\/api.w.org\/{rel}","templated":true}]}}