{"id":56672,"date":"2025-08-15T12:01:28","date_gmt":"2025-08-15T09:01:28","guid":{"rendered":"https:\/\/lialea.com\/?post_type=product&#038;p=56672"},"modified":"2026-03-27T15:30:47","modified_gmt":"2026-03-27T12:30:47","slug":"sirti-kopek-motifli-kurk-mont","status":"publish","type":"product","link":"https:\/\/lialea.com\/en\/product\/sirti-kopek-motifli-kurk-mont\/","title":{"rendered":"SIRTI K\u00d6PEK MOT\u0130FL\u0130 K\u00dcRK MONT"},"content":{"rendered":"<p>Model 144 cm boyundad\u0131r ve 9-10 ya\u015f beden giymektedir.<\/p>\n<p><img fetchpriority=\"high\" decoding=\"async\" class=\"alignnone size-full wp-image-56886\" src=\"https:\/\/lialea.com\/wp-content\/uploads\/2025\/08\/bedenler-33.jpg\" alt=\"\" width=\"479\" height=\"137\" \/><\/p>\n<p>&nbsp;<\/p>\n<p>\u00dcR\u00dcN KODU : CT13074<\/p>","protected":false},"excerpt":{"rendered":"<p>Model 144 cm boyundad\u0131r ve 9-10 ya\u015f beden giymektedir. &nbsp; \u00dcR\u00dcN KODU : CT13074<\/p>","protected":false},"featured_media":56673,"comment_status":"open","ping_status":"closed","template":"","meta":[],"product_brand":[],"product_cat":[157],"product_tag":[],"class_list":{"0":"post-56672","1":"product","2":"type-product","3":"status-publish","4":"has-post-thumbnail","6":"product_cat-montlar","9":"first","10":"instock","11":"featured","12":"shipping-taxable","13":"product-type-external"},"_links":{"self":[{"href":"https:\/\/lialea.com\/en\/wp-json\/wp\/v2\/product\/56672","targetHints":{"allow":["GET"]}}],"collection":[{"href":"https:\/\/lialea.com\/en\/wp-json\/wp\/v2\/product"}],"about":[{"href":"https:\/\/lialea.com\/en\/wp-json\/wp\/v2\/types\/product"}],"replies":[{"embeddable":true,"href":"https:\/\/lialea.com\/en\/wp-json\/wp\/v2\/comments?post=56672"}],"wp:featuredmedia":[{"embeddable":true,"href":"https:\/\/lialea.com\/en\/wp-json\/wp\/v2\/media\/56673"}],"wp:attachment":[{"href":"https:\/\/lialea.com\/en\/wp-json\/wp\/v2\/media?parent=56672"}],"wp:term":[{"taxonomy":"product_brand","embeddable":true,"href":"https:\/\/lialea.com\/en\/wp-json\/wp\/v2\/product_brand?post=56672"},{"taxonomy":"product_cat","embeddable":true,"href":"https:\/\/lialea.com\/en\/wp-json\/wp\/v2\/product_cat?post=56672"},{"taxonomy":"product_tag","embeddable":true,"href":"https:\/\/lialea.com\/en\/wp-json\/wp\/v2\/product_tag?post=56672"}],"curies":[{"name":"wp","href":"https:\/\/api.w.org\/{rel}","templated":true}]}}