{"id":56661,"date":"2025-08-15T11:54:58","date_gmt":"2025-08-15T08:54:58","guid":{"rendered":"https:\/\/lialea.com\/?post_type=product&#038;p=56661"},"modified":"2026-03-27T15:50:20","modified_gmt":"2026-03-27T12:50:20","slug":"ayicik-aksesuarli-simli-ceket","status":"publish","type":"product","link":"https:\/\/lialea.com\/en\/product\/ayicik-aksesuarli-simli-ceket\/","title":{"rendered":"AYICIK AKSESUARLI S\u0130ML\u0130 CEKET"},"content":{"rendered":"<p>Model 144 cm boyundad\u0131r ve 9-10 ya\u015f beden giymektedir<\/p>\n<p><img fetchpriority=\"high\" decoding=\"async\" class=\"alignnone size-full wp-image-56880\" src=\"https:\/\/lialea.com\/wp-content\/uploads\/2025\/08\/bedenler-28.jpg\" alt=\"\" width=\"478\" height=\"125\" \/><\/p>\n<p>\u00dcR\u00dcN KODU : CT13071<\/p>","protected":false},"excerpt":{"rendered":"<p>Model 144 cm boyundad\u0131r ve 9-10 ya\u015f beden giymektedir \u00dcR\u00dcN KODU : CT13071<\/p>","protected":false},"featured_media":56662,"comment_status":"open","ping_status":"closed","template":"","meta":[],"product_brand":[],"product_cat":[160],"product_tag":[],"class_list":{"0":"post-56661","1":"product","2":"type-product","3":"status-publish","4":"has-post-thumbnail","6":"product_cat-ceketler","9":"first","10":"instock","11":"shipping-taxable","12":"product-type-external"},"_links":{"self":[{"href":"https:\/\/lialea.com\/en\/wp-json\/wp\/v2\/product\/56661","targetHints":{"allow":["GET"]}}],"collection":[{"href":"https:\/\/lialea.com\/en\/wp-json\/wp\/v2\/product"}],"about":[{"href":"https:\/\/lialea.com\/en\/wp-json\/wp\/v2\/types\/product"}],"replies":[{"embeddable":true,"href":"https:\/\/lialea.com\/en\/wp-json\/wp\/v2\/comments?post=56661"}],"wp:featuredmedia":[{"embeddable":true,"href":"https:\/\/lialea.com\/en\/wp-json\/wp\/v2\/media\/56662"}],"wp:attachment":[{"href":"https:\/\/lialea.com\/en\/wp-json\/wp\/v2\/media?parent=56661"}],"wp:term":[{"taxonomy":"product_brand","embeddable":true,"href":"https:\/\/lialea.com\/en\/wp-json\/wp\/v2\/product_brand?post=56661"},{"taxonomy":"product_cat","embeddable":true,"href":"https:\/\/lialea.com\/en\/wp-json\/wp\/v2\/product_cat?post=56661"},{"taxonomy":"product_tag","embeddable":true,"href":"https:\/\/lialea.com\/en\/wp-json\/wp\/v2\/product_tag?post=56661"}],"curies":[{"name":"wp","href":"https:\/\/api.w.org\/{rel}","templated":true}]}}