{"id":56637,"date":"2025-08-15T11:07:13","date_gmt":"2025-08-15T08:07:13","guid":{"rendered":"https:\/\/lialea.com\/?post_type=product&#038;p=56637"},"modified":"2025-09-30T12:00:21","modified_gmt":"2025-09-30T09:00:21","slug":"fermuar-detayli-sweatshirt","status":"publish","type":"product","link":"https:\/\/lialea.com\/en\/product\/fermuar-detayli-sweatshirt\/","title":{"rendered":"FERMUAR DETAYLI SWEATSHIRT"},"content":{"rendered":"<p>Model 144 cm boyundad\u0131r ve 9-10 ya\u015f beden giymektedir.<\/p>\n<p><img fetchpriority=\"high\" decoding=\"async\" class=\"alignnone size-full wp-image-56881\" src=\"https:\/\/lialea.com\/wp-content\/uploads\/2025\/08\/bedenler-29.jpg\" alt=\"\" width=\"476\" height=\"146\" \/><\/p>\n<p>&nbsp;<\/p>\n<p>\u00dcR\u00dcN KODU : SW04051<\/p>","protected":false},"excerpt":{"rendered":"<p>Model 144 cm boyundad\u0131r ve 9-10 ya\u015f beden giymektedir. &nbsp; \u00dcR\u00dcN KODU : SW04051<\/p>","protected":false},"featured_media":56638,"comment_status":"open","ping_status":"closed","template":"","meta":[],"product_brand":[],"product_cat":[155,161],"product_tag":[],"class_list":{"0":"post-56637","1":"product","2":"type-product","3":"status-publish","4":"has-post-thumbnail","6":"product_cat-bluzlar","7":"product_cat-yeni-sezon","10":"first","11":"instock","12":"shipping-taxable","13":"product-type-external"},"_links":{"self":[{"href":"https:\/\/lialea.com\/en\/wp-json\/wp\/v2\/product\/56637","targetHints":{"allow":["GET"]}}],"collection":[{"href":"https:\/\/lialea.com\/en\/wp-json\/wp\/v2\/product"}],"about":[{"href":"https:\/\/lialea.com\/en\/wp-json\/wp\/v2\/types\/product"}],"replies":[{"embeddable":true,"href":"https:\/\/lialea.com\/en\/wp-json\/wp\/v2\/comments?post=56637"}],"wp:featuredmedia":[{"embeddable":true,"href":"https:\/\/lialea.com\/en\/wp-json\/wp\/v2\/media\/56638"}],"wp:attachment":[{"href":"https:\/\/lialea.com\/en\/wp-json\/wp\/v2\/media?parent=56637"}],"wp:term":[{"taxonomy":"product_brand","embeddable":true,"href":"https:\/\/lialea.com\/en\/wp-json\/wp\/v2\/product_brand?post=56637"},{"taxonomy":"product_cat","embeddable":true,"href":"https:\/\/lialea.com\/en\/wp-json\/wp\/v2\/product_cat?post=56637"},{"taxonomy":"product_tag","embeddable":true,"href":"https:\/\/lialea.com\/en\/wp-json\/wp\/v2\/product_tag?post=56637"}],"curies":[{"name":"wp","href":"https:\/\/api.w.org\/{rel}","templated":true}]}}