{"id":56590,"date":"2025-08-15T10:21:09","date_gmt":"2025-08-15T07:21:09","guid":{"rendered":"https:\/\/lialea.com\/?post_type=product&#038;p=56590"},"modified":"2026-03-27T16:08:06","modified_gmt":"2026-03-27T13:08:06","slug":"papagan-aksesuarli-sweatshirt","status":"publish","type":"product","link":"https:\/\/lialea.com\/en\/product\/papagan-aksesuarli-sweatshirt\/","title":{"rendered":"PAPA\u011eAN AKSESUARLI SWEATSHIRT"},"content":{"rendered":"<p>Model 144 cm boyundad\u0131r ve 9-10 ya\u015f beden giymektedir.<\/p>\n<p>&nbsp;<\/p>\n<p><img fetchpriority=\"high\" decoding=\"async\" class=\"alignnone size-full wp-image-56857\" src=\"https:\/\/lialea.com\/wp-content\/uploads\/2025\/08\/bedenler-6.jpg\" alt=\"\" width=\"481\" height=\"166\" \/><\/p>\n<p>\u00dcr\u00fcn Kodu : BL03805<\/p>","protected":false},"excerpt":{"rendered":"<p>Model 144 cm boyundad\u0131r ve 9-10 ya\u015f beden giymektedir. &nbsp; \u00dcr\u00fcn Kodu : BL03805<\/p>","protected":false},"featured_media":56591,"comment_status":"open","ping_status":"closed","template":"","meta":[],"product_brand":[],"product_cat":[155],"product_tag":[],"class_list":{"0":"post-56590","1":"product","2":"type-product","3":"status-publish","4":"has-post-thumbnail","6":"product_cat-bluzlar","9":"first","10":"instock","11":"shipping-taxable","12":"product-type-external"},"_links":{"self":[{"href":"https:\/\/lialea.com\/en\/wp-json\/wp\/v2\/product\/56590","targetHints":{"allow":["GET"]}}],"collection":[{"href":"https:\/\/lialea.com\/en\/wp-json\/wp\/v2\/product"}],"about":[{"href":"https:\/\/lialea.com\/en\/wp-json\/wp\/v2\/types\/product"}],"replies":[{"embeddable":true,"href":"https:\/\/lialea.com\/en\/wp-json\/wp\/v2\/comments?post=56590"}],"wp:featuredmedia":[{"embeddable":true,"href":"https:\/\/lialea.com\/en\/wp-json\/wp\/v2\/media\/56591"}],"wp:attachment":[{"href":"https:\/\/lialea.com\/en\/wp-json\/wp\/v2\/media?parent=56590"}],"wp:term":[{"taxonomy":"product_brand","embeddable":true,"href":"https:\/\/lialea.com\/en\/wp-json\/wp\/v2\/product_brand?post=56590"},{"taxonomy":"product_cat","embeddable":true,"href":"https:\/\/lialea.com\/en\/wp-json\/wp\/v2\/product_cat?post=56590"},{"taxonomy":"product_tag","embeddable":true,"href":"https:\/\/lialea.com\/en\/wp-json\/wp\/v2\/product_tag?post=56590"}],"curies":[{"name":"wp","href":"https:\/\/api.w.org\/{rel}","templated":true}]}}