{"id":55776,"date":"2025-02-07T16:06:10","date_gmt":"2025-02-07T13:06:10","guid":{"rendered":"https:\/\/lialea.com\/?post_type=product&#038;p=55776"},"modified":"2026-03-27T16:08:22","modified_gmt":"2026-03-27T13:08:22","slug":"renkli-kiz-cocuk-sac-tokasi","status":"publish","type":"product","link":"https:\/\/lialea.com\/en\/product\/renkli-kiz-cocuk-sac-tokasi\/","title":{"rendered":"COLORFUL GIRL'S HAIR CLIP"},"content":{"rendered":"<p>100% POLYESTER<\/p>","protected":false},"excerpt":{"rendered":"<p>Lastikli k\u0131z \u00e7ocuk sa\u00e7 tokas\u0131<\/p>","protected":false},"featured_media":56571,"comment_status":"open","ping_status":"closed","template":"","meta":[],"product_brand":[],"product_cat":[158],"product_tag":[],"class_list":{"0":"post-55776","1":"product","2":"type-product","3":"status-publish","4":"has-post-thumbnail","6":"product_cat-sac-aksesuarlari","9":"first","10":"instock","11":"sale","12":"shipping-taxable","13":"product-type-external"},"_links":{"self":[{"href":"https:\/\/lialea.com\/en\/wp-json\/wp\/v2\/product\/55776","targetHints":{"allow":["GET"]}}],"collection":[{"href":"https:\/\/lialea.com\/en\/wp-json\/wp\/v2\/product"}],"about":[{"href":"https:\/\/lialea.com\/en\/wp-json\/wp\/v2\/types\/product"}],"replies":[{"embeddable":true,"href":"https:\/\/lialea.com\/en\/wp-json\/wp\/v2\/comments?post=55776"}],"wp:featuredmedia":[{"embeddable":true,"href":"https:\/\/lialea.com\/en\/wp-json\/wp\/v2\/media\/56571"}],"wp:attachment":[{"href":"https:\/\/lialea.com\/en\/wp-json\/wp\/v2\/media?parent=55776"}],"wp:term":[{"taxonomy":"product_brand","embeddable":true,"href":"https:\/\/lialea.com\/en\/wp-json\/wp\/v2\/product_brand?post=55776"},{"taxonomy":"product_cat","embeddable":true,"href":"https:\/\/lialea.com\/en\/wp-json\/wp\/v2\/product_cat?post=55776"},{"taxonomy":"product_tag","embeddable":true,"href":"https:\/\/lialea.com\/en\/wp-json\/wp\/v2\/product_tag?post=55776"}],"curies":[{"name":"wp","href":"https:\/\/api.w.org\/{rel}","templated":true}]}}