{"id":55761,"date":"2025-02-07T16:01:09","date_gmt":"2025-02-07T13:01:09","guid":{"rendered":"https:\/\/lialea.com\/?post_type=product&#038;p=55761"},"modified":"2026-03-27T16:08:45","modified_gmt":"2026-03-27T13:08:45","slug":"parilti-etek","status":"publish","type":"product","link":"https:\/\/lialea.com\/en\/product\/parilti-etek\/","title":{"rendered":"SHINY SKIRT"},"content":{"rendered":"<p>Yaln\u0131zca Elde Y\u0131kama<\/p>\n<p>A\u011fartma Yap\u0131lmaz<\/p>\n<p>Tersten \u00fct\u00fcleme<\/p>\n<p>Makinada Kurutulmaz<\/p>\n<p>Sadece Sererek kurutulur<\/p>\n<p>%73,6PAMUK %22,4 POLYESTER %4ELASTAN ASTAR %100PAMUK<\/p>\n<p>\u00dcr\u00fcn Kodu :\u00a0 SK07448<\/p>","protected":false},"excerpt":{"rendered":"<p>Par\u0131lt\u0131l\u0131 mavi kuma\u015ftan tasarkanm\u0131\u015ft\u0131r. Beli lastiklidir. Yanda cepleri vard\u0131r.<\/p>","protected":false},"featured_media":55765,"comment_status":"open","ping_status":"closed","template":"","meta":[],"product_brand":[],"product_cat":[154],"product_tag":[],"class_list":{"0":"post-55761","1":"product","2":"type-product","3":"status-publish","4":"has-post-thumbnail","6":"product_cat-etekler","9":"first","10":"instock","11":"sale","12":"shipping-taxable","13":"product-type-external"},"_links":{"self":[{"href":"https:\/\/lialea.com\/en\/wp-json\/wp\/v2\/product\/55761","targetHints":{"allow":["GET"]}}],"collection":[{"href":"https:\/\/lialea.com\/en\/wp-json\/wp\/v2\/product"}],"about":[{"href":"https:\/\/lialea.com\/en\/wp-json\/wp\/v2\/types\/product"}],"replies":[{"embeddable":true,"href":"https:\/\/lialea.com\/en\/wp-json\/wp\/v2\/comments?post=55761"}],"wp:featuredmedia":[{"embeddable":true,"href":"https:\/\/lialea.com\/en\/wp-json\/wp\/v2\/media\/55765"}],"wp:attachment":[{"href":"https:\/\/lialea.com\/en\/wp-json\/wp\/v2\/media?parent=55761"}],"wp:term":[{"taxonomy":"product_brand","embeddable":true,"href":"https:\/\/lialea.com\/en\/wp-json\/wp\/v2\/product_brand?post=55761"},{"taxonomy":"product_cat","embeddable":true,"href":"https:\/\/lialea.com\/en\/wp-json\/wp\/v2\/product_cat?post=55761"},{"taxonomy":"product_tag","embeddable":true,"href":"https:\/\/lialea.com\/en\/wp-json\/wp\/v2\/product_tag?post=55761"}],"curies":[{"name":"wp","href":"https:\/\/api.w.org\/{rel}","templated":true}]}}