{"id":55719,"date":"2025-02-07T15:48:36","date_gmt":"2025-02-07T12:48:36","guid":{"rendered":"https:\/\/lialea.com\/?post_type=product&#038;p=55719"},"modified":"2026-03-27T16:10:47","modified_gmt":"2026-03-27T13:10:47","slug":"relax-yaz-pantalonu","status":"publish","type":"product","link":"https:\/\/lialea.com\/en\/product\/relax-yaz-pantalonu\/","title":{"rendered":"RELAX SUMMER PANTS"},"content":{"rendered":"<p>Yaln\u0131zca Elde Y\u0131kama<\/p>\n<p>A\u011fartma Yap\u0131lmaz<\/p>\n<p>Tersten \u00fct\u00fcleme<\/p>\n<p>Makinada Kurutulmaz<\/p>\n<p>Sadece Sererek kurutulur<\/p>\n<p>99%PAMUK %1 ELASTAN<\/p>\n<p>\u00dcr\u00fcn Kodu :\u00a0 PT08227<\/p>","protected":false},"excerpt":{"rendered":"<p>Beyaz pamuklu, k\u0131rm\u0131z\u0131 \u015ferit detayl\u0131 relax fit k\u0131z \u00e7ocuk pantolon<\/p>\n<p>\u00dcr\u00fcn Kodu :\u00a0 PT08227<\/p>","protected":false},"featured_media":55724,"comment_status":"open","ping_status":"closed","template":"","meta":[],"product_brand":[],"product_cat":[162,153],"product_tag":[],"class_list":{"0":"post-55719","1":"product","2":"type-product","3":"status-publish","4":"has-post-thumbnail","6":"product_cat-ozel-fiyatlar","7":"product_cat-pantolonlar","10":"first","11":"instock","12":"sale","13":"shipping-taxable","14":"product-type-external"},"_links":{"self":[{"href":"https:\/\/lialea.com\/en\/wp-json\/wp\/v2\/product\/55719","targetHints":{"allow":["GET"]}}],"collection":[{"href":"https:\/\/lialea.com\/en\/wp-json\/wp\/v2\/product"}],"about":[{"href":"https:\/\/lialea.com\/en\/wp-json\/wp\/v2\/types\/product"}],"replies":[{"embeddable":true,"href":"https:\/\/lialea.com\/en\/wp-json\/wp\/v2\/comments?post=55719"}],"wp:featuredmedia":[{"embeddable":true,"href":"https:\/\/lialea.com\/en\/wp-json\/wp\/v2\/media\/55724"}],"wp:attachment":[{"href":"https:\/\/lialea.com\/en\/wp-json\/wp\/v2\/media?parent=55719"}],"wp:term":[{"taxonomy":"product_brand","embeddable":true,"href":"https:\/\/lialea.com\/en\/wp-json\/wp\/v2\/product_brand?post=55719"},{"taxonomy":"product_cat","embeddable":true,"href":"https:\/\/lialea.com\/en\/wp-json\/wp\/v2\/product_cat?post=55719"},{"taxonomy":"product_tag","embeddable":true,"href":"https:\/\/lialea.com\/en\/wp-json\/wp\/v2\/product_tag?post=55719"}],"curies":[{"name":"wp","href":"https:\/\/api.w.org\/{rel}","templated":true}]}}