{"id":55713,"date":"2025-02-07T15:46:28","date_gmt":"2025-02-07T12:46:28","guid":{"rendered":"https:\/\/lialea.com\/?post_type=product&#038;p=55713"},"modified":"2025-09-24T11:15:07","modified_gmt":"2025-09-24T08:15:07","slug":"konfor-hatti-pantolon","status":"publish","type":"product","link":"https:\/\/lialea.com\/en\/product\/konfor-hatti-pantolon\/","title":{"rendered":"COMFORT LINE TROUSERS"},"content":{"rendered":"<p>Makinada Y\u0131kama, Hassas, So\u011fuk.<\/p>\n<p>A\u011fartma Yap\u0131lmaz<\/p>\n<p>\u00dct\u00fc yap\u0131lamaz<\/p>\n<p>Kuru temizleme, Yaln\u0131zca Petrol Bazl\u0131 \u00c7\u00f6z\u00fcc\u00fcler<\/p>\n<p>Makinada Kurutulmaz<\/p>\n<p>Benzer renkli \u00fcr\u00fcnlerle birlikte y\u0131kay\u0131n\u0131z.<\/p>\n<p>%99 POLYESTER%1ELASTAN ASTAR%100 PAMUK<\/p>\n<p>\u00dcr\u00fcn Kodu :\u00a0 PT08225<\/p>","protected":false},"excerpt":{"rendered":"<p>Beli lastikli ye\u015fil renk, havu\u00e7 kesim k\u0131z \u00e7ocuk pantolon<\/p>","protected":false},"featured_media":55715,"comment_status":"open","ping_status":"closed","template":"","meta":[],"product_brand":[],"product_cat":[162,153,161],"product_tag":[],"class_list":{"0":"post-55713","1":"product","2":"type-product","3":"status-publish","4":"has-post-thumbnail","6":"product_cat-ozel-fiyatlar","7":"product_cat-pantolonlar","8":"product_cat-yeni-sezon","11":"first","12":"instock","13":"sale","14":"shipping-taxable","15":"product-type-external"},"_links":{"self":[{"href":"https:\/\/lialea.com\/en\/wp-json\/wp\/v2\/product\/55713","targetHints":{"allow":["GET"]}}],"collection":[{"href":"https:\/\/lialea.com\/en\/wp-json\/wp\/v2\/product"}],"about":[{"href":"https:\/\/lialea.com\/en\/wp-json\/wp\/v2\/types\/product"}],"replies":[{"embeddable":true,"href":"https:\/\/lialea.com\/en\/wp-json\/wp\/v2\/comments?post=55713"}],"wp:featuredmedia":[{"embeddable":true,"href":"https:\/\/lialea.com\/en\/wp-json\/wp\/v2\/media\/55715"}],"wp:attachment":[{"href":"https:\/\/lialea.com\/en\/wp-json\/wp\/v2\/media?parent=55713"}],"wp:term":[{"taxonomy":"product_brand","embeddable":true,"href":"https:\/\/lialea.com\/en\/wp-json\/wp\/v2\/product_brand?post=55713"},{"taxonomy":"product_cat","embeddable":true,"href":"https:\/\/lialea.com\/en\/wp-json\/wp\/v2\/product_cat?post=55713"},{"taxonomy":"product_tag","embeddable":true,"href":"https:\/\/lialea.com\/en\/wp-json\/wp\/v2\/product_tag?post=55713"}],"curies":[{"name":"wp","href":"https:\/\/api.w.org\/{rel}","templated":true}]}}