{"id":55709,"date":"2025-02-07T15:44:25","date_gmt":"2025-02-07T12:44:25","guid":{"rendered":"https:\/\/lialea.com\/?post_type=product&#038;p=55709"},"modified":"2025-09-24T11:43:45","modified_gmt":"2025-09-24T08:43:45","slug":"lavanta-dokunusu-pantolon","status":"publish","type":"product","link":"https:\/\/lialea.com\/en\/product\/lavanta-dokunusu-pantolon\/","title":{"rendered":"LAVENDER TOUCH PANTS"},"content":{"rendered":"<p>Makinada Y\u0131kama, Hassas, So\u011fuk.<\/p>\n<p>A\u011fartma Yap\u0131lmaz<\/p>\n<p>\u00dct\u00fc yap\u0131lamaz<\/p>\n<p>Kuru temizleme, Yaln\u0131zca Petrol Bazl\u0131 \u00c7\u00f6z\u00fcc\u00fcler<\/p>\n<p>Mankinada Kurutulmaz<\/p>\n<p>Benzer renkli \u00fcr\u00fcnlerle birlikte y\u0131kay\u0131n\u0131z.<\/p>\n<p>%65 L\u0130YOSEL %15 NAYLON %14PAMUK %5KETEN %1ELASTAN \u0130K\u0130NC\u0130L KUMA\u015e % 100 PAMUK<\/p>\n<p>\u00dcr\u00fcn Kodu :\u00a0 PT08224<\/p>","protected":false},"excerpt":{"rendered":"<p>Lila rengi \u00f6zel dokunu\u015flu kuma\u015ftan, rahat kal\u0131p tasarlanm\u0131\u015f k\u0131z \u00e7ocuk pantolon<\/p>","protected":false},"featured_media":55471,"comment_status":"open","ping_status":"closed","template":"","meta":[],"product_brand":[],"product_cat":[162,153,161],"product_tag":[],"class_list":{"0":"post-55709","1":"product","2":"type-product","3":"status-publish","4":"has-post-thumbnail","6":"product_cat-ozel-fiyatlar","7":"product_cat-pantolonlar","8":"product_cat-yeni-sezon","11":"first","12":"instock","13":"sale","14":"shipping-taxable","15":"product-type-external"},"_links":{"self":[{"href":"https:\/\/lialea.com\/en\/wp-json\/wp\/v2\/product\/55709","targetHints":{"allow":["GET"]}}],"collection":[{"href":"https:\/\/lialea.com\/en\/wp-json\/wp\/v2\/product"}],"about":[{"href":"https:\/\/lialea.com\/en\/wp-json\/wp\/v2\/types\/product"}],"replies":[{"embeddable":true,"href":"https:\/\/lialea.com\/en\/wp-json\/wp\/v2\/comments?post=55709"}],"wp:featuredmedia":[{"embeddable":true,"href":"https:\/\/lialea.com\/en\/wp-json\/wp\/v2\/media\/55471"}],"wp:attachment":[{"href":"https:\/\/lialea.com\/en\/wp-json\/wp\/v2\/media?parent=55709"}],"wp:term":[{"taxonomy":"product_brand","embeddable":true,"href":"https:\/\/lialea.com\/en\/wp-json\/wp\/v2\/product_brand?post=55709"},{"taxonomy":"product_cat","embeddable":true,"href":"https:\/\/lialea.com\/en\/wp-json\/wp\/v2\/product_cat?post=55709"},{"taxonomy":"product_tag","embeddable":true,"href":"https:\/\/lialea.com\/en\/wp-json\/wp\/v2\/product_tag?post=55709"}],"curies":[{"name":"wp","href":"https:\/\/api.w.org\/{rel}","templated":true}]}}