{"id":55704,"date":"2025-02-07T15:42:39","date_gmt":"2025-02-07T12:42:39","guid":{"rendered":"https:\/\/lialea.com\/?post_type=product&#038;p=55704"},"modified":"2025-08-15T17:16:05","modified_gmt":"2025-08-15T14:16:05","slug":"pembe-jakar-kiz-cocuk-sac-taci","status":"publish","type":"product","link":"https:\/\/lialea.com\/en\/product\/pembe-jakar-kiz-cocuk-sac-taci\/","title":{"rendered":"PINK JACQUARD GIRLS HAIR CROWN"},"content":{"rendered":"<p>%100 PAMUK \u0130K\u0130NC\u0130L KUMA\u015e %100 POLYESTER<\/p>","protected":false},"excerpt":{"rendered":"<p>Pembe ve beyaz jakar kuma\u015flarla \u00e7i\u00e7ek formunda aksesuarla tasarlanm\u0131\u015f k\u0131z \u00e7ocuk sa\u00e7 tac\u0131<\/p>","protected":false},"featured_media":55705,"comment_status":"open","ping_status":"closed","template":"","meta":[],"product_brand":[],"product_cat":[158,161],"product_tag":[],"class_list":{"0":"post-55704","1":"product","2":"type-product","3":"status-publish","4":"has-post-thumbnail","6":"product_cat-sac-aksesuarlari","7":"product_cat-yeni-sezon","10":"first","11":"instock","12":"shipping-taxable","13":"product-type-external"},"_links":{"self":[{"href":"https:\/\/lialea.com\/en\/wp-json\/wp\/v2\/product\/55704","targetHints":{"allow":["GET"]}}],"collection":[{"href":"https:\/\/lialea.com\/en\/wp-json\/wp\/v2\/product"}],"about":[{"href":"https:\/\/lialea.com\/en\/wp-json\/wp\/v2\/types\/product"}],"replies":[{"embeddable":true,"href":"https:\/\/lialea.com\/en\/wp-json\/wp\/v2\/comments?post=55704"}],"wp:featuredmedia":[{"embeddable":true,"href":"https:\/\/lialea.com\/en\/wp-json\/wp\/v2\/media\/55705"}],"wp:attachment":[{"href":"https:\/\/lialea.com\/en\/wp-json\/wp\/v2\/media?parent=55704"}],"wp:term":[{"taxonomy":"product_brand","embeddable":true,"href":"https:\/\/lialea.com\/en\/wp-json\/wp\/v2\/product_brand?post=55704"},{"taxonomy":"product_cat","embeddable":true,"href":"https:\/\/lialea.com\/en\/wp-json\/wp\/v2\/product_cat?post=55704"},{"taxonomy":"product_tag","embeddable":true,"href":"https:\/\/lialea.com\/en\/wp-json\/wp\/v2\/product_tag?post=55704"}],"curies":[{"name":"wp","href":"https:\/\/api.w.org\/{rel}","templated":true}]}}