{"id":55699,"date":"2025-02-07T15:41:16","date_gmt":"2025-02-07T12:41:16","guid":{"rendered":"https:\/\/lialea.com\/?post_type=product&#038;p=55699"},"modified":"2025-08-15T17:16:21","modified_gmt":"2025-08-15T14:16:21","slug":"ekru-tafta-kiz-cocuk-taci","status":"publish","type":"product","link":"https:\/\/lialea.com\/en\/product\/ekru-tafta-kiz-cocuk-taci\/","title":{"rendered":"ECRU TAFFETA GIRL'S CROWN"},"content":{"rendered":"","protected":false},"excerpt":{"rendered":"<p>Ekru tafta f\u0131f\u0131rlarla tasarlanm\u0131\u015f k\u0131z \u00e7ocuk sa\u00e7 tac\u0131<\/p>","protected":false},"featured_media":55700,"comment_status":"open","ping_status":"closed","template":"","meta":[],"product_brand":[],"product_cat":[158,161],"product_tag":[],"class_list":{"0":"post-55699","1":"product","2":"type-product","3":"status-publish","4":"has-post-thumbnail","6":"product_cat-sac-aksesuarlari","7":"product_cat-yeni-sezon","10":"first","11":"instock","12":"shipping-taxable","13":"product-type-external"},"_links":{"self":[{"href":"https:\/\/lialea.com\/en\/wp-json\/wp\/v2\/product\/55699","targetHints":{"allow":["GET"]}}],"collection":[{"href":"https:\/\/lialea.com\/en\/wp-json\/wp\/v2\/product"}],"about":[{"href":"https:\/\/lialea.com\/en\/wp-json\/wp\/v2\/types\/product"}],"replies":[{"embeddable":true,"href":"https:\/\/lialea.com\/en\/wp-json\/wp\/v2\/comments?post=55699"}],"wp:featuredmedia":[{"embeddable":true,"href":"https:\/\/lialea.com\/en\/wp-json\/wp\/v2\/media\/55700"}],"wp:attachment":[{"href":"https:\/\/lialea.com\/en\/wp-json\/wp\/v2\/media?parent=55699"}],"wp:term":[{"taxonomy":"product_brand","embeddable":true,"href":"https:\/\/lialea.com\/en\/wp-json\/wp\/v2\/product_brand?post=55699"},{"taxonomy":"product_cat","embeddable":true,"href":"https:\/\/lialea.com\/en\/wp-json\/wp\/v2\/product_cat?post=55699"},{"taxonomy":"product_tag","embeddable":true,"href":"https:\/\/lialea.com\/en\/wp-json\/wp\/v2\/product_tag?post=55699"}],"curies":[{"name":"wp","href":"https:\/\/api.w.org\/{rel}","templated":true}]}}