{"id":55684,"date":"2025-02-07T15:36:50","date_gmt":"2025-02-07T12:36:50","guid":{"rendered":"https:\/\/lialea.com\/?post_type=product&#038;p=55684"},"modified":"2025-08-15T17:16:38","modified_gmt":"2025-08-15T14:16:38","slug":"pembe-cicek-jakar-bebek-elbisesi","status":"publish","type":"product","link":"https:\/\/lialea.com\/en\/product\/pembe-cicek-jakar-bebek-elbisesi\/","title":{"rendered":"PINK FLOWER JACQUARD BABY DRESS"},"content":{"rendered":"<p>Yaln\u0131zca Kuru Temizleme<\/p>\n<p>A\u011fartma Yap\u0131lmaz<\/p>\n<p>\u00dct\u00fc Yap\u0131lamaz Yaln\u0131zca Petrol Bazl\u0131 \u00c7\u00f6z\u00fcc\u00fcler,<\/p>\n<p>Makinada Kurutulmaz<\/p>\n<p>%100 POLYESTER ASTAR %100PAMUK<\/p>","protected":false},"excerpt":{"rendered":"<p>Pembe \u00e7i\u00e7ekli jakar kuma\u015ftan tasarlanm\u0131\u015ft\u0131r. Belinde \u00e7i\u00e7ek detay\u0131 vard\u0131r ve elbise pamuk astarl\u0131d\u0131r.<\/p>","protected":false},"featured_media":55685,"comment_status":"open","ping_status":"closed","template":"","meta":[],"product_brand":[],"product_cat":[156,161],"product_tag":[],"class_list":{"0":"post-55684","1":"product","2":"type-product","3":"status-publish","4":"has-post-thumbnail","6":"product_cat-bebek-elbiseleri-1-3-yas","7":"product_cat-yeni-sezon","10":"first","11":"instock","12":"shipping-taxable","13":"product-type-external"},"_links":{"self":[{"href":"https:\/\/lialea.com\/en\/wp-json\/wp\/v2\/product\/55684","targetHints":{"allow":["GET"]}}],"collection":[{"href":"https:\/\/lialea.com\/en\/wp-json\/wp\/v2\/product"}],"about":[{"href":"https:\/\/lialea.com\/en\/wp-json\/wp\/v2\/types\/product"}],"replies":[{"embeddable":true,"href":"https:\/\/lialea.com\/en\/wp-json\/wp\/v2\/comments?post=55684"}],"wp:featuredmedia":[{"embeddable":true,"href":"https:\/\/lialea.com\/en\/wp-json\/wp\/v2\/media\/55685"}],"wp:attachment":[{"href":"https:\/\/lialea.com\/en\/wp-json\/wp\/v2\/media?parent=55684"}],"wp:term":[{"taxonomy":"product_brand","embeddable":true,"href":"https:\/\/lialea.com\/en\/wp-json\/wp\/v2\/product_brand?post=55684"},{"taxonomy":"product_cat","embeddable":true,"href":"https:\/\/lialea.com\/en\/wp-json\/wp\/v2\/product_cat?post=55684"},{"taxonomy":"product_tag","embeddable":true,"href":"https:\/\/lialea.com\/en\/wp-json\/wp\/v2\/product_tag?post=55684"}],"curies":[{"name":"wp","href":"https:\/\/api.w.org\/{rel}","templated":true}]}}