{"id":55675,"date":"2025-02-07T15:31:57","date_gmt":"2025-02-07T12:31:57","guid":{"rendered":"https:\/\/lialea.com\/?post_type=product&#038;p=55675"},"modified":"2025-09-23T17:01:49","modified_gmt":"2025-09-23T14:01:49","slug":"firfir-tafta-bebek-elbisesi","status":"publish","type":"product","link":"https:\/\/lialea.com\/en\/product\/firfir-tafta-bebek-elbisesi\/","title":{"rendered":"FRILL TAFFETA BABY DRESS"},"content":{"rendered":"<p>Yaln\u0131zca Kuru Temizleme<\/p>\n<p>A\u011fartma Yap\u0131lmaz<\/p>\n<p>\u00dct\u00fc Yap\u0131lamaz Yaln\u0131zca Petrol Bazl\u0131 \u00c7\u00f6z\u00fcc\u00fcler,<\/p>\n<p>Makinada Kurutulmaz<\/p>\n<p>%100 POLYESTER ASTAR %100PAMUK<\/p>","protected":false},"excerpt":{"rendered":"<p>Fu\u015fya tafta kuma\u015ftan dikilmi\u015f bu k\u0131z bebek elbisesi kabar\u0131k ete\u011f, rengi ve g\u00f6\u011f\u00fcs k\u0131sm\u0131ndaki f\u0131rf\u0131rlar\u0131 ile dikkat \u00e7ekiyor.<\/p>","protected":false},"featured_media":55676,"comment_status":"open","ping_status":"closed","template":"","meta":[],"product_brand":[],"product_cat":[156,162,161],"product_tag":[],"class_list":{"0":"post-55675","1":"product","2":"type-product","3":"status-publish","4":"has-post-thumbnail","6":"product_cat-bebek-elbiseleri-1-3-yas","7":"product_cat-ozel-fiyatlar","8":"product_cat-yeni-sezon","11":"first","12":"instock","13":"sale","14":"shipping-taxable","15":"product-type-external"},"_links":{"self":[{"href":"https:\/\/lialea.com\/en\/wp-json\/wp\/v2\/product\/55675","targetHints":{"allow":["GET"]}}],"collection":[{"href":"https:\/\/lialea.com\/en\/wp-json\/wp\/v2\/product"}],"about":[{"href":"https:\/\/lialea.com\/en\/wp-json\/wp\/v2\/types\/product"}],"replies":[{"embeddable":true,"href":"https:\/\/lialea.com\/en\/wp-json\/wp\/v2\/comments?post=55675"}],"wp:featuredmedia":[{"embeddable":true,"href":"https:\/\/lialea.com\/en\/wp-json\/wp\/v2\/media\/55676"}],"wp:attachment":[{"href":"https:\/\/lialea.com\/en\/wp-json\/wp\/v2\/media?parent=55675"}],"wp:term":[{"taxonomy":"product_brand","embeddable":true,"href":"https:\/\/lialea.com\/en\/wp-json\/wp\/v2\/product_brand?post=55675"},{"taxonomy":"product_cat","embeddable":true,"href":"https:\/\/lialea.com\/en\/wp-json\/wp\/v2\/product_cat?post=55675"},{"taxonomy":"product_tag","embeddable":true,"href":"https:\/\/lialea.com\/en\/wp-json\/wp\/v2\/product_tag?post=55675"}],"curies":[{"name":"wp","href":"https:\/\/api.w.org\/{rel}","templated":true}]}}