{"id":55653,"date":"2025-02-07T15:18:44","date_gmt":"2025-02-07T12:18:44","guid":{"rendered":"https:\/\/lialea.com\/?post_type=product&#038;p=55653"},"modified":"2025-03-20T11:24:46","modified_gmt":"2025-03-20T08:24:46","slug":"pamuk-islemeli-bebek-elbisesi","status":"publish","type":"product","link":"https:\/\/lialea.com\/en\/product\/pamuk-islemeli-bebek-elbisesi\/","title":{"rendered":"COTTON EMBROIDERED BABY DRESS"},"content":{"rendered":"<p>Yaln\u0131zca Elde Y\u0131kama<\/p>\n<p>A\u011fartma Yap\u0131lmaz<\/p>\n<p>Tersten \u00fct\u00fcleme<\/p>\n<p>Makinada Kurutulmaz<\/p>\n<p>Sadece Sererek kurutulur<\/p>\n<p>%100 PAMUK<\/p>","protected":false},"excerpt":{"rendered":"<p>Pamuk i\u015flemeli 2 katl\u0131 k\u0131z bebek elbisesi.<\/p>","protected":false},"featured_media":55654,"comment_status":"open","ping_status":"closed","template":"","meta":[],"product_brand":[],"product_cat":[156,161],"product_tag":[],"class_list":{"0":"post-55653","1":"product","2":"type-product","3":"status-publish","4":"has-post-thumbnail","6":"product_cat-bebek-elbiseleri-1-3-yas","7":"product_cat-yeni-sezon","10":"first","11":"instock","12":"shipping-taxable","13":"product-type-external"},"_links":{"self":[{"href":"https:\/\/lialea.com\/en\/wp-json\/wp\/v2\/product\/55653","targetHints":{"allow":["GET"]}}],"collection":[{"href":"https:\/\/lialea.com\/en\/wp-json\/wp\/v2\/product"}],"about":[{"href":"https:\/\/lialea.com\/en\/wp-json\/wp\/v2\/types\/product"}],"replies":[{"embeddable":true,"href":"https:\/\/lialea.com\/en\/wp-json\/wp\/v2\/comments?post=55653"}],"wp:featuredmedia":[{"embeddable":true,"href":"https:\/\/lialea.com\/en\/wp-json\/wp\/v2\/media\/55654"}],"wp:attachment":[{"href":"https:\/\/lialea.com\/en\/wp-json\/wp\/v2\/media?parent=55653"}],"wp:term":[{"taxonomy":"product_brand","embeddable":true,"href":"https:\/\/lialea.com\/en\/wp-json\/wp\/v2\/product_brand?post=55653"},{"taxonomy":"product_cat","embeddable":true,"href":"https:\/\/lialea.com\/en\/wp-json\/wp\/v2\/product_cat?post=55653"},{"taxonomy":"product_tag","embeddable":true,"href":"https:\/\/lialea.com\/en\/wp-json\/wp\/v2\/product_tag?post=55653"}],"curies":[{"name":"wp","href":"https:\/\/api.w.org\/{rel}","templated":true}]}}