{"id":55632,"date":"2025-02-07T15:09:59","date_gmt":"2025-02-07T12:09:59","guid":{"rendered":"https:\/\/lialea.com\/?post_type=product&#038;p=55632"},"modified":"2025-09-24T11:47:48","modified_gmt":"2025-09-24T08:47:48","slug":"ekru-tafta-elbise","status":"publish","type":"product","link":"https:\/\/lialea.com\/en\/product\/ekru-tafta-elbise\/","title":{"rendered":"ECRU TAFFETA DRESS"},"content":{"rendered":"<p>Yaln\u0131zca Kuru Temizleme<\/p>\n<p>A\u011fartma Yap\u0131lmaz<\/p>\n<p>\u00dct\u00fc Yap\u0131lamaz<\/p>\n<p>Yaln\u0131zca Petrol Bazl\u0131 \u00c7\u00f6z\u00fcc\u00fcler,<\/p>\n<p>Makinada Kurutulmaz<\/p>\n<p>%100 POLYESTER ASTAR %100PAMUK<\/p>\n<p>&nbsp;<\/p>\n<p>\u00dcr\u00fcn Kodu :\u00a0 DS02179<\/p>","protected":false},"excerpt":{"rendered":"<p>Ekru renk tafta kuma\u015ftan tasarlanm\u0131\u015f, kabar\u0131k etekli k\u0131z \u00e7ocuk \u00f6zel g\u00fcn elbisesi. G\u00f6\u011fs\u00fcndeki f\u0131rf\u0131rlar\u0131 ile tasar\u0131m\u0131 hareketlendirir, arkadan fermuar\u0131 vard\u0131r ve %100 pamuk astarl\u0131d\u0131r.<\/p>","protected":false},"featured_media":55633,"comment_status":"open","ping_status":"closed","template":"","meta":[],"product_brand":[],"product_cat":[152,161],"product_tag":[],"class_list":{"0":"post-55632","1":"product","2":"type-product","3":"status-publish","4":"has-post-thumbnail","6":"product_cat-elbiseler-4-12-yas","7":"product_cat-yeni-sezon","10":"first","11":"instock","12":"shipping-taxable","13":"product-type-external"},"_links":{"self":[{"href":"https:\/\/lialea.com\/en\/wp-json\/wp\/v2\/product\/55632","targetHints":{"allow":["GET"]}}],"collection":[{"href":"https:\/\/lialea.com\/en\/wp-json\/wp\/v2\/product"}],"about":[{"href":"https:\/\/lialea.com\/en\/wp-json\/wp\/v2\/types\/product"}],"replies":[{"embeddable":true,"href":"https:\/\/lialea.com\/en\/wp-json\/wp\/v2\/comments?post=55632"}],"wp:featuredmedia":[{"embeddable":true,"href":"https:\/\/lialea.com\/en\/wp-json\/wp\/v2\/media\/55633"}],"wp:attachment":[{"href":"https:\/\/lialea.com\/en\/wp-json\/wp\/v2\/media?parent=55632"}],"wp:term":[{"taxonomy":"product_brand","embeddable":true,"href":"https:\/\/lialea.com\/en\/wp-json\/wp\/v2\/product_brand?post=55632"},{"taxonomy":"product_cat","embeddable":true,"href":"https:\/\/lialea.com\/en\/wp-json\/wp\/v2\/product_cat?post=55632"},{"taxonomy":"product_tag","embeddable":true,"href":"https:\/\/lialea.com\/en\/wp-json\/wp\/v2\/product_tag?post=55632"}],"curies":[{"name":"wp","href":"https:\/\/api.w.org\/{rel}","templated":true}]}}