{"id":55622,"date":"2025-02-07T15:07:41","date_gmt":"2025-02-07T12:07:41","guid":{"rendered":"https:\/\/lialea.com\/?post_type=product&#038;p=55622"},"modified":"2025-09-24T11:48:12","modified_gmt":"2025-09-24T08:48:12","slug":"pembe-cicek-sifon-elbise","status":"publish","type":"product","link":"https:\/\/lialea.com\/en\/product\/pembe-cicek-sifon-elbise\/","title":{"rendered":"PINK FLOWER CHIFFON DRESS"},"content":{"rendered":"<p>Yaln\u0131zca Elde Y\u0131kama<\/p>\n<p>A\u011fartma Yap\u0131lmaz<\/p>\n<p>\u00dct\u00fc yap\u0131lamaz<\/p>\n<p>Makinada Kurutulmaz<\/p>\n<p>Sadece Sererek kurutulur<\/p>\n<p>%100 POLYESTER ASTAR %100PAMUK<\/p>\n<p>\u00dcr\u00fcn Kodu :\u00a0 DS02176<\/p>","protected":false},"excerpt":{"rendered":"<p>Pembe \u015fifon kuma\u015ftan tasarlanm\u0131\u015f rahat kal\u0131p, orta boy k\u0131z \u00e7ocuk elbisesi. Kollar\u0131nda ve yakas\u0131nda f\u0131rf\u0131r detaylar\u0131 vard\u0131r. %100 pamuk astarl\u0131d\u0131r.<\/p>","protected":false},"featured_media":55623,"comment_status":"open","ping_status":"closed","template":"","meta":[],"product_brand":[],"product_cat":[152,162,161],"product_tag":[],"class_list":{"0":"post-55622","1":"product","2":"type-product","3":"status-publish","4":"has-post-thumbnail","6":"product_cat-elbiseler-4-12-yas","7":"product_cat-ozel-fiyatlar","8":"product_cat-yeni-sezon","11":"first","12":"instock","13":"sale","14":"shipping-taxable","15":"product-type-external"},"_links":{"self":[{"href":"https:\/\/lialea.com\/en\/wp-json\/wp\/v2\/product\/55622","targetHints":{"allow":["GET"]}}],"collection":[{"href":"https:\/\/lialea.com\/en\/wp-json\/wp\/v2\/product"}],"about":[{"href":"https:\/\/lialea.com\/en\/wp-json\/wp\/v2\/types\/product"}],"replies":[{"embeddable":true,"href":"https:\/\/lialea.com\/en\/wp-json\/wp\/v2\/comments?post=55622"}],"wp:featuredmedia":[{"embeddable":true,"href":"https:\/\/lialea.com\/en\/wp-json\/wp\/v2\/media\/55623"}],"wp:attachment":[{"href":"https:\/\/lialea.com\/en\/wp-json\/wp\/v2\/media?parent=55622"}],"wp:term":[{"taxonomy":"product_brand","embeddable":true,"href":"https:\/\/lialea.com\/en\/wp-json\/wp\/v2\/product_brand?post=55622"},{"taxonomy":"product_cat","embeddable":true,"href":"https:\/\/lialea.com\/en\/wp-json\/wp\/v2\/product_cat?post=55622"},{"taxonomy":"product_tag","embeddable":true,"href":"https:\/\/lialea.com\/en\/wp-json\/wp\/v2\/product_tag?post=55622"}],"curies":[{"name":"wp","href":"https:\/\/api.w.org\/{rel}","templated":true}]}}