{"id":55609,"date":"2025-02-07T15:02:48","date_gmt":"2025-02-07T12:02:48","guid":{"rendered":"https:\/\/lialea.com\/?post_type=product&#038;p=55609"},"modified":"2025-09-24T11:49:21","modified_gmt":"2025-09-24T08:49:21","slug":"pamuk-katli-elbise","status":"publish","type":"product","link":"https:\/\/lialea.com\/en\/product\/pamuk-katli-elbise\/","title":{"rendered":"COTTON LAYERED DRESS"},"content":{"rendered":"<p>Yaln\u0131zca Elde Y\u0131kama<\/p>\n<p>A\u011fartma Yap\u0131lmaz<\/p>\n<p>Tersten \u00fct\u00fcleme<\/p>\n<p>Makinada Kurutulmaz<\/p>\n<p>Sadece Sererek kurutulur<\/p>\n<p>%100 PAMUK<\/p>\n<p>&nbsp;<\/p>\n<p>\u00dcr\u00fcn Kodu :\u00a0 DS02168<\/p>","protected":false},"excerpt":{"rendered":"<p>3 katl\u0131 pamuk kuma\u015f k\u0131z \u00e7ocuk elbisesi. Astarl\u0131d\u0131r ve omuzlar\u0131nda turuncu fiyonk detaylar\u0131 vard\u0131r.<\/p>","protected":false},"featured_media":55610,"comment_status":"open","ping_status":"closed","template":"","meta":[],"product_brand":[],"product_cat":[152,161],"product_tag":[],"class_list":{"0":"post-55609","1":"product","2":"type-product","3":"status-publish","4":"has-post-thumbnail","6":"product_cat-elbiseler-4-12-yas","7":"product_cat-yeni-sezon","10":"first","11":"instock","12":"sale","13":"shipping-taxable","14":"product-type-external"},"_links":{"self":[{"href":"https:\/\/lialea.com\/en\/wp-json\/wp\/v2\/product\/55609","targetHints":{"allow":["GET"]}}],"collection":[{"href":"https:\/\/lialea.com\/en\/wp-json\/wp\/v2\/product"}],"about":[{"href":"https:\/\/lialea.com\/en\/wp-json\/wp\/v2\/types\/product"}],"replies":[{"embeddable":true,"href":"https:\/\/lialea.com\/en\/wp-json\/wp\/v2\/comments?post=55609"}],"wp:featuredmedia":[{"embeddable":true,"href":"https:\/\/lialea.com\/en\/wp-json\/wp\/v2\/media\/55610"}],"wp:attachment":[{"href":"https:\/\/lialea.com\/en\/wp-json\/wp\/v2\/media?parent=55609"}],"wp:term":[{"taxonomy":"product_brand","embeddable":true,"href":"https:\/\/lialea.com\/en\/wp-json\/wp\/v2\/product_brand?post=55609"},{"taxonomy":"product_cat","embeddable":true,"href":"https:\/\/lialea.com\/en\/wp-json\/wp\/v2\/product_cat?post=55609"},{"taxonomy":"product_tag","embeddable":true,"href":"https:\/\/lialea.com\/en\/wp-json\/wp\/v2\/product_tag?post=55609"}],"curies":[{"name":"wp","href":"https:\/\/api.w.org\/{rel}","templated":true}]}}