{"id":55561,"date":"2025-02-07T14:47:06","date_gmt":"2025-02-07T11:47:06","guid":{"rendered":"https:\/\/lialea.com\/?post_type=product&#038;p=55561"},"modified":"2025-09-24T11:52:10","modified_gmt":"2025-09-24T08:52:10","slug":"pembe-cicek-elbise","status":"publish","type":"product","link":"https:\/\/lialea.com\/en\/product\/pembe-cicek-elbise\/","title":{"rendered":"PINK FLOWER DRESS"},"content":{"rendered":"<p>Makinada Y\u0131kama, Hassas, So\u011fuk.<\/p>\n<p>A\u011fartma Yap\u0131lmaz \u00dct\u00fc ,<\/p>\n<p>D\u00fc\u015f\u00fck S\u0131cakl\u0131k Kuru temizleme,<\/p>\n<p>Yaln\u0131zca Petrol Bazl\u0131 \u00c7\u00f6z\u00fcc\u00fcler Makinada Kurutulmaz<\/p>\n<p>Benzer renkli \u00fcr\u00fcnlerle birlikte y\u0131kay\u0131n\u0131z.<\/p>\n<p>%84 V\u0130SKON %16NAYLON \u0130K\u0130NC\u0130L KUMA\u015e %100 PAMUK ASTAR %100PAMUK<\/p>\n<p>&nbsp;<\/p>\n<p>\u00dcr\u00fcn Kodu :\u00a0 DS02139<\/p>","protected":false},"excerpt":{"rendered":"<p>Viskon kuma\u015ftan tasarlanm\u0131\u015f, denizci yaka detayl\u0131 k\u0131z \u00e7ocuk elbisesi. K\u0131sa kolludur ve rahat kal\u0131pt\u0131r.<\/p>","protected":false},"featured_media":56536,"comment_status":"open","ping_status":"closed","template":"","meta":[],"product_brand":[],"product_cat":[152,162,161],"product_tag":[],"class_list":{"0":"post-55561","1":"product","2":"type-product","3":"status-publish","4":"has-post-thumbnail","6":"product_cat-elbiseler-4-12-yas","7":"product_cat-ozel-fiyatlar","8":"product_cat-yeni-sezon","11":"first","12":"instock","13":"sale","14":"shipping-taxable","15":"product-type-external"},"_links":{"self":[{"href":"https:\/\/lialea.com\/en\/wp-json\/wp\/v2\/product\/55561","targetHints":{"allow":["GET"]}}],"collection":[{"href":"https:\/\/lialea.com\/en\/wp-json\/wp\/v2\/product"}],"about":[{"href":"https:\/\/lialea.com\/en\/wp-json\/wp\/v2\/types\/product"}],"replies":[{"embeddable":true,"href":"https:\/\/lialea.com\/en\/wp-json\/wp\/v2\/comments?post=55561"}],"wp:featuredmedia":[{"embeddable":true,"href":"https:\/\/lialea.com\/en\/wp-json\/wp\/v2\/media\/56536"}],"wp:attachment":[{"href":"https:\/\/lialea.com\/en\/wp-json\/wp\/v2\/media?parent=55561"}],"wp:term":[{"taxonomy":"product_brand","embeddable":true,"href":"https:\/\/lialea.com\/en\/wp-json\/wp\/v2\/product_brand?post=55561"},{"taxonomy":"product_cat","embeddable":true,"href":"https:\/\/lialea.com\/en\/wp-json\/wp\/v2\/product_cat?post=55561"},{"taxonomy":"product_tag","embeddable":true,"href":"https:\/\/lialea.com\/en\/wp-json\/wp\/v2\/product_tag?post=55561"}],"curies":[{"name":"wp","href":"https:\/\/api.w.org\/{rel}","templated":true}]}}