{"id":55554,"date":"2025-02-07T14:45:09","date_gmt":"2025-02-07T11:45:09","guid":{"rendered":"https:\/\/lialea.com\/?post_type=product&#038;p=55554"},"modified":"2025-09-24T11:52:37","modified_gmt":"2025-09-24T08:52:37","slug":"tafta-firfir-elbise","status":"publish","type":"product","link":"https:\/\/lialea.com\/en\/product\/tafta-firfir-elbise\/","title":{"rendered":"TAFFETA RUFFLE DRESS"},"content":{"rendered":"<p>Yaln\u0131zca Kuru Temizleme<\/p>\n<p>A\u011fartma Yap\u0131lmaz<\/p>\n<p>\u00dct\u00fc Yap\u0131lamaz<\/p>\n<p>Yaln\u0131zca Petrol Bazl\u0131 \u00c7\u00f6z\u00fcc\u00fcler,<\/p>\n<p>Makinada Kurutulmaz<\/p>\n<p>%100 POLYESTER ASTAR %100PAMUK<\/p>\n<p>\u00dcr\u00fcn Kodu :\u00a0 DS02088<\/p>","protected":false},"excerpt":{"rendered":"<p>Tafta g\u00f6\u011f\u00fcs k\u0131sm\u0131 f\u0131rf\u0131r detayl\u0131 \u00f6zel g\u00fcn k\u0131z \u00e7ocuk elbisesi. %100 pamuk astarl\u0131d\u0131r ve arkadan fermuarl\u0131d\u0131r.<\/p>","protected":false},"featured_media":56554,"comment_status":"open","ping_status":"closed","template":"","meta":[],"product_brand":[],"product_cat":[152,162],"product_tag":[],"class_list":{"0":"post-55554","1":"product","2":"type-product","3":"status-publish","4":"has-post-thumbnail","6":"product_cat-elbiseler-4-12-yas","7":"product_cat-ozel-fiyatlar","10":"first","11":"instock","12":"sale","13":"shipping-taxable","14":"product-type-external"},"_links":{"self":[{"href":"https:\/\/lialea.com\/en\/wp-json\/wp\/v2\/product\/55554","targetHints":{"allow":["GET"]}}],"collection":[{"href":"https:\/\/lialea.com\/en\/wp-json\/wp\/v2\/product"}],"about":[{"href":"https:\/\/lialea.com\/en\/wp-json\/wp\/v2\/types\/product"}],"replies":[{"embeddable":true,"href":"https:\/\/lialea.com\/en\/wp-json\/wp\/v2\/comments?post=55554"}],"wp:featuredmedia":[{"embeddable":true,"href":"https:\/\/lialea.com\/en\/wp-json\/wp\/v2\/media\/56554"}],"wp:attachment":[{"href":"https:\/\/lialea.com\/en\/wp-json\/wp\/v2\/media?parent=55554"}],"wp:term":[{"taxonomy":"product_brand","embeddable":true,"href":"https:\/\/lialea.com\/en\/wp-json\/wp\/v2\/product_brand?post=55554"},{"taxonomy":"product_cat","embeddable":true,"href":"https:\/\/lialea.com\/en\/wp-json\/wp\/v2\/product_cat?post=55554"},{"taxonomy":"product_tag","embeddable":true,"href":"https:\/\/lialea.com\/en\/wp-json\/wp\/v2\/product_tag?post=55554"}],"curies":[{"name":"wp","href":"https:\/\/api.w.org\/{rel}","templated":true}]}}