{"id":55548,"date":"2025-02-07T14:42:54","date_gmt":"2025-02-07T11:42:54","guid":{"rendered":"https:\/\/lialea.com\/?post_type=product&#038;p=55548"},"modified":"2025-09-24T11:53:01","modified_gmt":"2025-09-24T08:53:01","slug":"parilti-crop-ceket","status":"publish","type":"product","link":"https:\/\/lialea.com\/en\/product\/parilti-crop-ceket\/","title":{"rendered":"PARILTI CROP JACKET"},"content":{"rendered":"<p>Yaln\u0131zca Elde Y\u0131kama<\/p>\n<p>A\u011fartma Yap\u0131lmaz<\/p>\n<p>Tersten \u00fct\u00fcleme<\/p>\n<p>Makinada Kurutulmaz<\/p>\n<p>Sadece Sererek kurutulur<\/p>\n<p>%73,6PAMUK %22,4 POLYESTER %4ELASTAN<\/p>\n<p>\u00dcr\u00fcn Kodu :\u00a0 CT13065<\/p>","protected":false},"excerpt":{"rendered":"<p>Mavi parlak kuma\u015ftan tasarlanm\u0131\u015ft\u0131r. Crop cekettir ve \u00f6nden d\u00fcgmelidir.<\/p>","protected":false},"featured_media":55767,"comment_status":"open","ping_status":"closed","template":"","meta":[],"product_brand":[],"product_cat":[160,162,161],"product_tag":[],"class_list":{"0":"post-55548","1":"product","2":"type-product","3":"status-publish","4":"has-post-thumbnail","6":"product_cat-ceketler","7":"product_cat-ozel-fiyatlar","8":"product_cat-yeni-sezon","11":"first","12":"instock","13":"sale","14":"shipping-taxable","15":"product-type-external"},"_links":{"self":[{"href":"https:\/\/lialea.com\/en\/wp-json\/wp\/v2\/product\/55548","targetHints":{"allow":["GET"]}}],"collection":[{"href":"https:\/\/lialea.com\/en\/wp-json\/wp\/v2\/product"}],"about":[{"href":"https:\/\/lialea.com\/en\/wp-json\/wp\/v2\/types\/product"}],"replies":[{"embeddable":true,"href":"https:\/\/lialea.com\/en\/wp-json\/wp\/v2\/comments?post=55548"}],"wp:featuredmedia":[{"embeddable":true,"href":"https:\/\/lialea.com\/en\/wp-json\/wp\/v2\/media\/55767"}],"wp:attachment":[{"href":"https:\/\/lialea.com\/en\/wp-json\/wp\/v2\/media?parent=55548"}],"wp:term":[{"taxonomy":"product_brand","embeddable":true,"href":"https:\/\/lialea.com\/en\/wp-json\/wp\/v2\/product_brand?post=55548"},{"taxonomy":"product_cat","embeddable":true,"href":"https:\/\/lialea.com\/en\/wp-json\/wp\/v2\/product_cat?post=55548"},{"taxonomy":"product_tag","embeddable":true,"href":"https:\/\/lialea.com\/en\/wp-json\/wp\/v2\/product_tag?post=55548"}],"curies":[{"name":"wp","href":"https:\/\/api.w.org\/{rel}","templated":true}]}}