{"id":55527,"date":"2025-02-07T14:34:17","date_gmt":"2025-02-07T11:34:17","guid":{"rendered":"https:\/\/lialea.com\/?post_type=product&#038;p=55527"},"modified":"2025-09-24T12:08:51","modified_gmt":"2025-09-24T09:08:51","slug":"bahar-ruyasi-bluz","status":"publish","type":"product","link":"https:\/\/lialea.com\/en\/product\/bahar-ruyasi-bluz\/","title":{"rendered":"SPRING DREAM BLOUSE"},"content":{"rendered":"<p>Makinada Y\u0131kama, Hassas, So\u011fuk.<\/p>\n<p>A\u011fartma Yap\u0131lmaz \u00dct\u00fc ,<\/p>\n<p>D\u00fc\u015f\u00fck S\u0131cakl\u0131k Kuru temizleme,<\/p>\n<p>Yaln\u0131zca Petrol Bazl\u0131 \u00c7\u00f6z\u00fcc\u00fcler<\/p>\n<p>Makinada Kurutulmaz Benzer renkli \u00fcr\u00fcnlerle birlikte y\u0131kay\u0131n\u0131z.<\/p>\n<p>%84 V\u0130SKON %16NAYLON ASTAR %100PAMUK<\/p>\n<p>\u00dcr\u00fcn Kodu : BL03799<\/p>","protected":false},"excerpt":{"rendered":"<p>K\u00fc\u00e7\u00fck \u00e7i\u00e7ek desenli viskon kuma\u015f, f\u0131rf\u0131rl\u0131 kol k\u0131z \u00e7ocuk bl\u00fcz<\/p>","protected":false},"featured_media":55530,"comment_status":"open","ping_status":"closed","template":"","meta":[],"product_brand":[],"product_cat":[155,161],"product_tag":[],"class_list":{"0":"post-55527","1":"product","2":"type-product","3":"status-publish","4":"has-post-thumbnail","6":"product_cat-bluzlar","7":"product_cat-yeni-sezon","10":"first","11":"instock","12":"sale","13":"shipping-taxable","14":"product-type-external"},"_links":{"self":[{"href":"https:\/\/lialea.com\/en\/wp-json\/wp\/v2\/product\/55527","targetHints":{"allow":["GET"]}}],"collection":[{"href":"https:\/\/lialea.com\/en\/wp-json\/wp\/v2\/product"}],"about":[{"href":"https:\/\/lialea.com\/en\/wp-json\/wp\/v2\/types\/product"}],"replies":[{"embeddable":true,"href":"https:\/\/lialea.com\/en\/wp-json\/wp\/v2\/comments?post=55527"}],"wp:featuredmedia":[{"embeddable":true,"href":"https:\/\/lialea.com\/en\/wp-json\/wp\/v2\/media\/55530"}],"wp:attachment":[{"href":"https:\/\/lialea.com\/en\/wp-json\/wp\/v2\/media?parent=55527"}],"wp:term":[{"taxonomy":"product_brand","embeddable":true,"href":"https:\/\/lialea.com\/en\/wp-json\/wp\/v2\/product_brand?post=55527"},{"taxonomy":"product_cat","embeddable":true,"href":"https:\/\/lialea.com\/en\/wp-json\/wp\/v2\/product_cat?post=55527"},{"taxonomy":"product_tag","embeddable":true,"href":"https:\/\/lialea.com\/en\/wp-json\/wp\/v2\/product_tag?post=55527"}],"curies":[{"name":"wp","href":"https:\/\/api.w.org\/{rel}","templated":true}]}}