{"id":55498,"date":"2025-02-07T14:25:44","date_gmt":"2025-02-07T11:25:44","guid":{"rendered":"https:\/\/lialea.com\/?post_type=product&#038;p=55498"},"modified":"2025-09-24T12:13:16","modified_gmt":"2025-09-24T09:13:16","slug":"firfir-bluz","status":"publish","type":"product","link":"https:\/\/lialea.com\/en\/product\/firfir-bluz\/","title":{"rendered":"FIRFIR BLOUSE"},"content":{"rendered":"<p>Makinada Y\u0131kama, Hassas, So\u011fuk.<\/p>\n<p>A\u011fartma Yap\u0131lmaz<\/p>\n<p>\u00dct\u00fc yap\u0131lamaz<\/p>\n<p>Kuru temizleme,<\/p>\n<p>Yaln\u0131zca Petrol Bazl\u0131 \u00c7\u00f6z\u00fcc\u00fcler Mankinada Kurutulmaz<\/p>\n<p>Benzer renkli \u00fcr\u00fcnlerle birlikte y\u0131kay\u0131n\u0131z.<\/p>\n<p>%99 POLYESTER %1ELASTAN \u0130K\u0130NC\u0130L KUMA\u015e %100PAMUK<\/p>\n<p>\u00dcr\u00fcn Kodu : SK07448<\/p>","protected":false},"excerpt":{"rendered":"<p>K\u0131sa kollu, yuvarlak yaka, \u00f6zel dokunu\u015f kuma\u015ftan k\u0131z \u00e7ocuk bl\u00fcz. Bl\u00fcz\u00fcn g\u00f6\u011fs\u00fcnde pembe f\u0131rf\u0131r detaylar\u0131 vard\u0131r.<\/p>","protected":false},"featured_media":55765,"comment_status":"open","ping_status":"closed","template":"","meta":[],"product_brand":[],"product_cat":[155,162,161],"product_tag":[],"class_list":{"0":"post-55498","1":"product","2":"type-product","3":"status-publish","4":"has-post-thumbnail","6":"product_cat-bluzlar","7":"product_cat-ozel-fiyatlar","8":"product_cat-yeni-sezon","11":"first","12":"instock","13":"sale","14":"shipping-taxable","15":"product-type-external"},"_links":{"self":[{"href":"https:\/\/lialea.com\/en\/wp-json\/wp\/v2\/product\/55498","targetHints":{"allow":["GET"]}}],"collection":[{"href":"https:\/\/lialea.com\/en\/wp-json\/wp\/v2\/product"}],"about":[{"href":"https:\/\/lialea.com\/en\/wp-json\/wp\/v2\/types\/product"}],"replies":[{"embeddable":true,"href":"https:\/\/lialea.com\/en\/wp-json\/wp\/v2\/comments?post=55498"}],"wp:featuredmedia":[{"embeddable":true,"href":"https:\/\/lialea.com\/en\/wp-json\/wp\/v2\/media\/55765"}],"wp:attachment":[{"href":"https:\/\/lialea.com\/en\/wp-json\/wp\/v2\/media?parent=55498"}],"wp:term":[{"taxonomy":"product_brand","embeddable":true,"href":"https:\/\/lialea.com\/en\/wp-json\/wp\/v2\/product_brand?post=55498"},{"taxonomy":"product_cat","embeddable":true,"href":"https:\/\/lialea.com\/en\/wp-json\/wp\/v2\/product_cat?post=55498"},{"taxonomy":"product_tag","embeddable":true,"href":"https:\/\/lialea.com\/en\/wp-json\/wp\/v2\/product_tag?post=55498"}],"curies":[{"name":"wp","href":"https:\/\/api.w.org\/{rel}","templated":true}]}}