{"id":55476,"date":"2025-02-07T14:15:57","date_gmt":"2025-02-07T11:15:57","guid":{"rendered":"https:\/\/lialea.com\/?post_type=product&#038;p=55476"},"modified":"2025-09-24T12:16:57","modified_gmt":"2025-09-24T09:16:57","slug":"lila-bluz","status":"publish","type":"product","link":"https:\/\/lialea.com\/en\/product\/lila-bluz\/","title":{"rendered":"LILA BLOUSE"},"content":{"rendered":"<p>Makinada Y\u0131kama,<\/p>\n<p>Hassas, So\u011fuk.<\/p>\n<p>A\u011fartma Yap\u0131lmaz \u00dct\u00fc ,<\/p>\n<p>D\u00fc\u015f\u00fck S\u0131cakl\u0131k Kuru temizleme,<\/p>\n<p>Yaln\u0131zca Petrol Bazl\u0131 \u00c7\u00f6z\u00fcc\u00fcler Makinada Kurutulmaz Benzer renkli \u00fcr\u00fcnlerle birlikte y\u0131kay\u0131n\u0131z.<\/p>\n<p>% 84 V\u0130SKON %16 NAYLON \u0130K\u0130NC\u0130L KUMA\u015e %84 V\u0130SKON%16 NAYLO<\/p>","protected":false},"excerpt":{"rendered":"<p>K\u0131sa Kollu lila rahat kal\u0131p, d\u00fc\u011fmeli k\u0131z \u00e7ocuk bluz.<\/p>\n<p>&nbsp;<\/p>","protected":false},"featured_media":56543,"comment_status":"open","ping_status":"closed","template":"","meta":[],"product_brand":[],"product_cat":[155,162,161],"product_tag":[],"class_list":{"0":"post-55476","1":"product","2":"type-product","3":"status-publish","4":"has-post-thumbnail","6":"product_cat-bluzlar","7":"product_cat-ozel-fiyatlar","8":"product_cat-yeni-sezon","11":"first","12":"instock","13":"sale","14":"shipping-taxable","15":"product-type-external"},"_links":{"self":[{"href":"https:\/\/lialea.com\/en\/wp-json\/wp\/v2\/product\/55476","targetHints":{"allow":["GET"]}}],"collection":[{"href":"https:\/\/lialea.com\/en\/wp-json\/wp\/v2\/product"}],"about":[{"href":"https:\/\/lialea.com\/en\/wp-json\/wp\/v2\/types\/product"}],"replies":[{"embeddable":true,"href":"https:\/\/lialea.com\/en\/wp-json\/wp\/v2\/comments?post=55476"}],"wp:featuredmedia":[{"embeddable":true,"href":"https:\/\/lialea.com\/en\/wp-json\/wp\/v2\/media\/56543"}],"wp:attachment":[{"href":"https:\/\/lialea.com\/en\/wp-json\/wp\/v2\/media?parent=55476"}],"wp:term":[{"taxonomy":"product_brand","embeddable":true,"href":"https:\/\/lialea.com\/en\/wp-json\/wp\/v2\/product_brand?post=55476"},{"taxonomy":"product_cat","embeddable":true,"href":"https:\/\/lialea.com\/en\/wp-json\/wp\/v2\/product_cat?post=55476"},{"taxonomy":"product_tag","embeddable":true,"href":"https:\/\/lialea.com\/en\/wp-json\/wp\/v2\/product_tag?post=55476"}],"curies":[{"name":"wp","href":"https:\/\/api.w.org\/{rel}","templated":true}]}}