{"id":55435,"date":"2024-09-29T17:49:28","date_gmt":"2024-09-29T14:49:28","guid":{"rendered":"https:\/\/lialea.com\/urun\/girl-child-pink-black-crown\/"},"modified":"2025-03-06T17:36:07","modified_gmt":"2025-03-06T14:36:07","slug":"kiz-cocuk-pembe-siyah-tac","status":"publish","type":"product","link":"https:\/\/lialea.com\/en\/product\/kiz-cocuk-pembe-siyah-tac\/","title":{"rendered":"Girl's Pink-Black Crown"},"content":{"rendered":"<p><iframe title=\"Lia Lea Handmade Accessories &amp; Lia Lea El Yap\u0131m\u0131 Ta\u00e7\" width=\"1200\" height=\"675\" src=\"https:\/\/www.youtube.com\/embed\/RMrb-29kASA?feature=oembed\" frameborder=\"0\" allow=\"accelerometer; autoplay; clipboard-write; encrypted-media; gyroscope; picture-in-picture; web-share\" referrerpolicy=\"strict-origin-when-cross-origin\" allowfullscreen><\/iframe><\/p>","protected":false},"excerpt":{"rendered":"","protected":false},"featured_media":55042,"comment_status":"open","ping_status":"closed","template":"","meta":[],"product_brand":[],"product_cat":[162,158],"product_tag":[],"class_list":{"0":"post-55435","1":"product","2":"type-product","3":"status-publish","4":"has-post-thumbnail","6":"product_cat-ozel-fiyatlar","7":"product_cat-sac-aksesuarlari","10":"first","11":"instock","12":"shipping-taxable","13":"product-type-external"},"_links":{"self":[{"href":"https:\/\/lialea.com\/en\/wp-json\/wp\/v2\/product\/55435","targetHints":{"allow":["GET"]}}],"collection":[{"href":"https:\/\/lialea.com\/en\/wp-json\/wp\/v2\/product"}],"about":[{"href":"https:\/\/lialea.com\/en\/wp-json\/wp\/v2\/types\/product"}],"replies":[{"embeddable":true,"href":"https:\/\/lialea.com\/en\/wp-json\/wp\/v2\/comments?post=55435"}],"wp:featuredmedia":[{"embeddable":true,"href":"https:\/\/lialea.com\/en\/wp-json\/wp\/v2\/media\/55042"}],"wp:attachment":[{"href":"https:\/\/lialea.com\/en\/wp-json\/wp\/v2\/media?parent=55435"}],"wp:term":[{"taxonomy":"product_brand","embeddable":true,"href":"https:\/\/lialea.com\/en\/wp-json\/wp\/v2\/product_brand?post=55435"},{"taxonomy":"product_cat","embeddable":true,"href":"https:\/\/lialea.com\/en\/wp-json\/wp\/v2\/product_cat?post=55435"},{"taxonomy":"product_tag","embeddable":true,"href":"https:\/\/lialea.com\/en\/wp-json\/wp\/v2\/product_tag?post=55435"}],"curies":[{"name":"wp","href":"https:\/\/api.w.org\/{rel}","templated":true}]}}