{"id":55434,"date":"2024-09-29T17:48:39","date_gmt":"2024-09-29T14:48:39","guid":{"rendered":"https:\/\/lialea.com\/urun\/girl-patterned-skirt-4\/"},"modified":"2025-03-10T22:55:08","modified_gmt":"2025-03-10T19:55:08","slug":"kiz-cocuk-desenli-etek-4","status":"publish","type":"product","link":"https:\/\/lialea.com\/en\/product\/kiz-cocuk-desenli-etek-4\/","title":{"rendered":"Girl's Patterned Skirt"},"content":{"rendered":"<p>Kahverengi desenli, pileli, k\u0131z \u00e7ocuklar\u0131 i\u00e7in rahat orta boy etek.<\/p>\n<p>&nbsp;<\/p>\n<p><iframe title=\"Pileli Etek, Pleated Skirt\" width=\"1200\" height=\"675\" src=\"https:\/\/www.youtube.com\/embed\/Ls9KxHx2cYU?feature=oembed\" frameborder=\"0\" allow=\"accelerometer; autoplay; clipboard-write; encrypted-media; gyroscope; picture-in-picture; web-share\" referrerpolicy=\"strict-origin-when-cross-origin\" allowfullscreen><\/iframe><\/p>","protected":false},"excerpt":{"rendered":"<table width=\"1089\">\n<tbody>\n<tr>\n<td width=\"204\"><\/td>\n<td colspan=\"5\" width=\"885\">BEDEN<\/td>\n<\/tr>\n<tr>\n<td><\/td>\n<td>4-5 Ya\u015f (104 &#8211; 110 cm)<\/td>\n<td>5-6 Ya\u015f (110 &#8211; 118 cm)<\/td>\n<td>7-8 Ya\u015f (122- 128 cm)<\/td>\n<td>9-10 Ya\u015f (132 &#8211; 140 cm)<\/td>\n<td>11-12 Ya\u015f (152 cm)<\/td>\n<\/tr>\n<tr>\n<td>Etek Boyu<\/td>\n<td width=\"177\">40<\/td>\n<td width=\"181\">43<\/td>\n<td width=\"179\">46<\/td>\n<td width=\"193\">50<\/td>\n<td width=\"155\">54<\/td>\n<\/tr>\n<tr>\n<td>Bel Geni\u015fli\u011fi<\/td>\n<td width=\"177\">20<\/td>\n<td width=\"181\">21,5<\/td>\n<td width=\"179\">23<\/td>\n<td width=\"193\">25<\/td>\n<td width=\"155\">27<\/td>\n<\/tr>\n<\/tbody>\n<\/table>","protected":false},"featured_media":55038,"comment_status":"open","ping_status":"closed","template":"","meta":[],"product_brand":[],"product_cat":[154,162],"product_tag":[],"class_list":{"0":"post-55434","1":"product","2":"type-product","3":"status-publish","4":"has-post-thumbnail","6":"product_cat-etekler","7":"product_cat-ozel-fiyatlar","10":"first","11":"instock","12":"shipping-taxable","13":"product-type-external"},"_links":{"self":[{"href":"https:\/\/lialea.com\/en\/wp-json\/wp\/v2\/product\/55434","targetHints":{"allow":["GET"]}}],"collection":[{"href":"https:\/\/lialea.com\/en\/wp-json\/wp\/v2\/product"}],"about":[{"href":"https:\/\/lialea.com\/en\/wp-json\/wp\/v2\/types\/product"}],"replies":[{"embeddable":true,"href":"https:\/\/lialea.com\/en\/wp-json\/wp\/v2\/comments?post=55434"}],"wp:featuredmedia":[{"embeddable":true,"href":"https:\/\/lialea.com\/en\/wp-json\/wp\/v2\/media\/55038"}],"wp:attachment":[{"href":"https:\/\/lialea.com\/en\/wp-json\/wp\/v2\/media?parent=55434"}],"wp:term":[{"taxonomy":"product_brand","embeddable":true,"href":"https:\/\/lialea.com\/en\/wp-json\/wp\/v2\/product_brand?post=55434"},{"taxonomy":"product_cat","embeddable":true,"href":"https:\/\/lialea.com\/en\/wp-json\/wp\/v2\/product_cat?post=55434"},{"taxonomy":"product_tag","embeddable":true,"href":"https:\/\/lialea.com\/en\/wp-json\/wp\/v2\/product_tag?post=55434"}],"curies":[{"name":"wp","href":"https:\/\/api.w.org\/{rel}","templated":true}]}}