{"id":55431,"date":"2024-09-29T17:44:19","date_gmt":"2024-09-29T14:44:19","guid":{"rendered":"https:\/\/lialea.com\/urun\/girl-black-dress\/"},"modified":"2025-03-10T23:24:13","modified_gmt":"2025-03-10T20:24:13","slug":"kiz-bebek-siyah-elbise","status":"publish","type":"product","link":"https:\/\/lialea.com\/en\/product\/kiz-bebek-siyah-elbise\/","title":{"rendered":"Baby Girl Black Dress"},"content":{"rendered":"","protected":false},"excerpt":{"rendered":"<table width=\"741\">\n<tbody>\n<tr>\n<td width=\"204\"><\/td>\n<td colspan=\"3\" width=\"537\">BEDEN<\/td>\n<\/tr>\n<tr>\n<td><\/td>\n<td>1 Ya\u015f<\/td>\n<td>2 Ya\u015f<\/td>\n<td>3 Ya\u015f<\/td>\n<\/tr>\n<tr>\n<td>\u00c7ocuk Elbise Boyu<\/td>\n<td width=\"177\">43<\/td>\n<td width=\"181\">46<\/td>\n<td width=\"179\">49<\/td>\n<\/tr>\n<tr>\n<td>G\u00f6\u011f\u00fcs Geni\u015fli\u011fi<\/td>\n<td width=\"177\">25<\/td>\n<td width=\"181\">26<\/td>\n<td width=\"179\">26,5<\/td>\n<\/tr>\n<tr>\n<td>Bel Geni\u015fli\u011fi<\/td>\n<td width=\"177\">25<\/td>\n<td width=\"181\">26<\/td>\n<td width=\"179\">26,5<\/td>\n<\/tr>\n<\/tbody>\n<\/table>","protected":false},"featured_media":55025,"comment_status":"open","ping_status":"closed","template":"","meta":[],"product_brand":[],"product_cat":[156,162],"product_tag":[],"class_list":{"0":"post-55431","1":"product","2":"type-product","3":"status-publish","4":"has-post-thumbnail","6":"product_cat-bebek-elbiseleri-1-3-yas","7":"product_cat-ozel-fiyatlar","10":"first","11":"instock","12":"shipping-taxable","13":"product-type-external"},"_links":{"self":[{"href":"https:\/\/lialea.com\/en\/wp-json\/wp\/v2\/product\/55431","targetHints":{"allow":["GET"]}}],"collection":[{"href":"https:\/\/lialea.com\/en\/wp-json\/wp\/v2\/product"}],"about":[{"href":"https:\/\/lialea.com\/en\/wp-json\/wp\/v2\/types\/product"}],"replies":[{"embeddable":true,"href":"https:\/\/lialea.com\/en\/wp-json\/wp\/v2\/comments?post=55431"}],"wp:featuredmedia":[{"embeddable":true,"href":"https:\/\/lialea.com\/en\/wp-json\/wp\/v2\/media\/55025"}],"wp:attachment":[{"href":"https:\/\/lialea.com\/en\/wp-json\/wp\/v2\/media?parent=55431"}],"wp:term":[{"taxonomy":"product_brand","embeddable":true,"href":"https:\/\/lialea.com\/en\/wp-json\/wp\/v2\/product_brand?post=55431"},{"taxonomy":"product_cat","embeddable":true,"href":"https:\/\/lialea.com\/en\/wp-json\/wp\/v2\/product_cat?post=55431"},{"taxonomy":"product_tag","embeddable":true,"href":"https:\/\/lialea.com\/en\/wp-json\/wp\/v2\/product_tag?post=55431"}],"curies":[{"name":"wp","href":"https:\/\/api.w.org\/{rel}","templated":true}]}}