{"id":55427,"date":"2024-09-29T17:38:37","date_gmt":"2024-09-29T14:38:37","guid":{"rendered":"https:\/\/lialea.com\/urun\/girl-pink-jacket\/"},"modified":"2025-03-10T23:12:18","modified_gmt":"2025-03-10T20:12:18","slug":"kiz-cocuk-pembe-ceket","status":"publish","type":"product","link":"https:\/\/lialea.com\/en\/product\/kiz-cocuk-pembe-ceket\/","title":{"rendered":"Girl's Pink Jacket"},"content":{"rendered":"<p>Pembe kapitone i\u00e7 k\u0131sm\u0131 ve siyah beyaz kareli kuma\u015f astar\u0131 olan bomber ceket.<\/p>\n<p><iframe title=\"Kapitone Ceket &amp; Kapitone Mini Etek, Quilted Jacket &amp; Quilted Mini Skirt\" width=\"1200\" height=\"675\" src=\"https:\/\/www.youtube.com\/embed\/5tzgq01bXdo?feature=oembed\" frameborder=\"0\" allow=\"accelerometer; autoplay; clipboard-write; encrypted-media; gyroscope; picture-in-picture; web-share\" referrerpolicy=\"strict-origin-when-cross-origin\" allowfullscreen><\/iframe><\/p>\n<p><iframe title=\"Kapitone Ceket &amp; Anime Desenli E\u015fofman Alt\u0131, Quilted Jacket &amp; Anime Patterned Sweatpants\" width=\"1200\" height=\"675\" src=\"https:\/\/www.youtube.com\/embed\/8h1KnbwMqss?feature=oembed\" frameborder=\"0\" allow=\"accelerometer; autoplay; clipboard-write; encrypted-media; gyroscope; picture-in-picture; web-share\" referrerpolicy=\"strict-origin-when-cross-origin\" allowfullscreen><\/iframe><\/p>","protected":false},"excerpt":{"rendered":"<p>Pembe kapitone i\u00e7 k\u0131sm\u0131 ve siyah beyaz kareli kuma\u015f astar\u0131 olan bomber ceket.<\/p>","protected":false},"featured_media":54996,"comment_status":"open","ping_status":"closed","template":"","meta":[],"product_brand":[],"product_cat":[160,162],"product_tag":[],"class_list":{"0":"post-55427","1":"product","2":"type-product","3":"status-publish","4":"has-post-thumbnail","6":"product_cat-ceketler","7":"product_cat-ozel-fiyatlar","10":"first","11":"instock","12":"shipping-taxable","13":"product-type-external"},"_links":{"self":[{"href":"https:\/\/lialea.com\/en\/wp-json\/wp\/v2\/product\/55427","targetHints":{"allow":["GET"]}}],"collection":[{"href":"https:\/\/lialea.com\/en\/wp-json\/wp\/v2\/product"}],"about":[{"href":"https:\/\/lialea.com\/en\/wp-json\/wp\/v2\/types\/product"}],"replies":[{"embeddable":true,"href":"https:\/\/lialea.com\/en\/wp-json\/wp\/v2\/comments?post=55427"}],"wp:featuredmedia":[{"embeddable":true,"href":"https:\/\/lialea.com\/en\/wp-json\/wp\/v2\/media\/54996"}],"wp:attachment":[{"href":"https:\/\/lialea.com\/en\/wp-json\/wp\/v2\/media?parent=55427"}],"wp:term":[{"taxonomy":"product_brand","embeddable":true,"href":"https:\/\/lialea.com\/en\/wp-json\/wp\/v2\/product_brand?post=55427"},{"taxonomy":"product_cat","embeddable":true,"href":"https:\/\/lialea.com\/en\/wp-json\/wp\/v2\/product_cat?post=55427"},{"taxonomy":"product_tag","embeddable":true,"href":"https:\/\/lialea.com\/en\/wp-json\/wp\/v2\/product_tag?post=55427"}],"curies":[{"name":"wp","href":"https:\/\/api.w.org\/{rel}","templated":true}]}}