{"id":55423,"date":"2024-09-29T17:30:45","date_gmt":"2024-09-29T14:30:45","guid":{"rendered":"https:\/\/lialea.com\/urun\/girl-green-dress-3\/"},"modified":"2025-03-10T22:39:52","modified_gmt":"2025-03-10T19:39:52","slug":"kiz-cocuk-yesil-elbise-3","status":"publish","type":"product","link":"https:\/\/lialea.com\/en\/product\/kiz-cocuk-yesil-elbise-3\/","title":{"rendered":"Girl's Green Dress"},"content":{"rendered":"<p>&nbsp;<\/p>\n<p>Kal\u0131n keten kuma\u015ftan, balon kollu, g\u00f6\u011f\u00fcs k\u0131sm\u0131nda \u015f\u0131k ve kullan\u0131\u015fl\u0131 bir fermuar ile tasarlanm\u0131\u015f bir elbise.<\/p>\n<p><iframe title=\"Balon Kollu Pamuk Elbise, Balloon Sleeve Cotton Dress\" width=\"1200\" height=\"675\" src=\"https:\/\/www.youtube.com\/embed\/t6db2VYw930?feature=oembed\" frameborder=\"0\" allow=\"accelerometer; autoplay; clipboard-write; encrypted-media; gyroscope; picture-in-picture; web-share\" referrerpolicy=\"strict-origin-when-cross-origin\" allowfullscreen><\/iframe><\/p>\n<p>&nbsp;<\/p>","protected":false},"excerpt":{"rendered":"<table width=\"1089\">\n<tbody>\n<tr>\n<td width=\"204\"><\/td>\n<td colspan=\"5\" width=\"885\">BEDEN<\/td>\n<\/tr>\n<tr>\n<td><\/td>\n<td>4-5 Ya\u015f (104 &#8211; 110 cm)<\/td>\n<td>5-6 Ya\u015f (110 &#8211; 118 cm)<\/td>\n<td>7-8 Ya\u015f (122- 128 cm)<\/td>\n<td>9-10 Ya\u015f (132 &#8211; 140 cm)<\/td>\n<td>11-12 Ya\u015f (152 cm)<\/td>\n<\/tr>\n<tr>\n<td>Elbise Boyu<\/td>\n<td width=\"177\">60<\/td>\n<td width=\"181\">64,5<\/td>\n<td width=\"179\">69<\/td>\n<td width=\"193\">74,5<\/td>\n<td width=\"155\">80<\/td>\n<\/tr>\n<tr>\n<td>G\u00f6\u011f\u00fcs Geni\u015fli\u011fi<\/td>\n<td width=\"177\">37<\/td>\n<td width=\"181\">38,5<\/td>\n<td width=\"179\">40<\/td>\n<td width=\"193\">42,5<\/td>\n<td width=\"155\">45<\/td>\n<\/tr>\n<tr>\n<td>Bel Geni\u015fli\u011fi<\/td>\n<td width=\"177\">34<\/td>\n<td width=\"181\">35,5<\/td>\n<td width=\"179\">37<\/td>\n<td width=\"193\">39,5<\/td>\n<td width=\"155\">42<\/td>\n<\/tr>\n<\/tbody>\n<\/table>","protected":false},"featured_media":54975,"comment_status":"open","ping_status":"closed","template":"","meta":[],"product_brand":[],"product_cat":[152,162],"product_tag":[],"class_list":{"0":"post-55423","1":"product","2":"type-product","3":"status-publish","4":"has-post-thumbnail","6":"product_cat-elbiseler-4-12-yas","7":"product_cat-ozel-fiyatlar","10":"first","11":"instock","12":"shipping-taxable","13":"product-type-external"},"_links":{"self":[{"href":"https:\/\/lialea.com\/en\/wp-json\/wp\/v2\/product\/55423","targetHints":{"allow":["GET"]}}],"collection":[{"href":"https:\/\/lialea.com\/en\/wp-json\/wp\/v2\/product"}],"about":[{"href":"https:\/\/lialea.com\/en\/wp-json\/wp\/v2\/types\/product"}],"replies":[{"embeddable":true,"href":"https:\/\/lialea.com\/en\/wp-json\/wp\/v2\/comments?post=55423"}],"wp:featuredmedia":[{"embeddable":true,"href":"https:\/\/lialea.com\/en\/wp-json\/wp\/v2\/media\/54975"}],"wp:attachment":[{"href":"https:\/\/lialea.com\/en\/wp-json\/wp\/v2\/media?parent=55423"}],"wp:term":[{"taxonomy":"product_brand","embeddable":true,"href":"https:\/\/lialea.com\/en\/wp-json\/wp\/v2\/product_brand?post=55423"},{"taxonomy":"product_cat","embeddable":true,"href":"https:\/\/lialea.com\/en\/wp-json\/wp\/v2\/product_cat?post=55423"},{"taxonomy":"product_tag","embeddable":true,"href":"https:\/\/lialea.com\/en\/wp-json\/wp\/v2\/product_tag?post=55423"}],"curies":[{"name":"wp","href":"https:\/\/api.w.org\/{rel}","templated":true}]}}