{"id":55421,"date":"2024-09-29T17:28:39","date_gmt":"2024-09-29T14:28:39","guid":{"rendered":"https:\/\/lialea.com\/urun\/girl-orange-blouse\/"},"modified":"2025-03-10T22:41:29","modified_gmt":"2025-03-10T19:41:29","slug":"kiz-cocuk-turuncu-bluz","status":"publish","type":"product","link":"https:\/\/lialea.com\/en\/product\/kiz-cocuk-turuncu-bluz\/","title":{"rendered":"Girl's Orange Blouse"},"content":{"rendered":"<p>ALL Good slogan bask\u0131l\u0131 \u00f6rme kuma\u015f iki renkli yuvarlak yakal\u0131 sweatshirt.<\/p>\n<p>&nbsp;<\/p>\n<p><iframe title=\"All Good T-Shirt &amp; Kadife E\u015fofman Alt\u0131, All Good T-Shirt &amp; Velvet Sweatpants\" width=\"1200\" height=\"675\" src=\"https:\/\/www.youtube.com\/embed\/o0YGeW3lzwk?feature=oembed\" frameborder=\"0\" allow=\"accelerometer; autoplay; clipboard-write; encrypted-media; gyroscope; picture-in-picture; web-share\" referrerpolicy=\"strict-origin-when-cross-origin\" allowfullscreen><\/iframe><\/p>","protected":false},"excerpt":{"rendered":"<table width=\"1089\">\n<tbody>\n<tr>\n<td width=\"204\"><\/td>\n<td colspan=\"5\" width=\"885\">BEDEN<\/td>\n<\/tr>\n<tr>\n<td><\/td>\n<td>4-5 Ya\u015f (104 &#8211; 110 cm)<\/td>\n<td>5-6 Ya\u015f (110 &#8211; 118 cm)<\/td>\n<td>7-8 Ya\u015f (122- 128 cm)<\/td>\n<td>9-10 Ya\u015f (132 &#8211; 140 cm)<\/td>\n<td>11-12 Ya\u015f (152 cm)<\/td>\n<\/tr>\n<tr>\n<td>Bluz Boyu<\/td>\n<td width=\"177\">37<\/td>\n<td width=\"181\">39<\/td>\n<td width=\"179\">41<\/td>\n<td width=\"193\">44,5<\/td>\n<td width=\"155\">48<\/td>\n<\/tr>\n<tr>\n<td>G\u00f6\u011f\u00fcs Geni\u015fli\u011fi<\/td>\n<td width=\"177\">37<\/td>\n<td width=\"181\">39<\/td>\n<td width=\"179\">41<\/td>\n<td width=\"193\">44,5<\/td>\n<td width=\"155\">48<\/td>\n<\/tr>\n<\/tbody>\n<\/table>","protected":false},"featured_media":54966,"comment_status":"open","ping_status":"closed","template":"","meta":[],"product_brand":[],"product_cat":[155,162],"product_tag":[],"class_list":{"0":"post-55421","1":"product","2":"type-product","3":"status-publish","4":"has-post-thumbnail","6":"product_cat-bluzlar","7":"product_cat-ozel-fiyatlar","10":"first","11":"instock","12":"shipping-taxable","13":"product-type-external"},"_links":{"self":[{"href":"https:\/\/lialea.com\/en\/wp-json\/wp\/v2\/product\/55421","targetHints":{"allow":["GET"]}}],"collection":[{"href":"https:\/\/lialea.com\/en\/wp-json\/wp\/v2\/product"}],"about":[{"href":"https:\/\/lialea.com\/en\/wp-json\/wp\/v2\/types\/product"}],"replies":[{"embeddable":true,"href":"https:\/\/lialea.com\/en\/wp-json\/wp\/v2\/comments?post=55421"}],"wp:featuredmedia":[{"embeddable":true,"href":"https:\/\/lialea.com\/en\/wp-json\/wp\/v2\/media\/54966"}],"wp:attachment":[{"href":"https:\/\/lialea.com\/en\/wp-json\/wp\/v2\/media?parent=55421"}],"wp:term":[{"taxonomy":"product_brand","embeddable":true,"href":"https:\/\/lialea.com\/en\/wp-json\/wp\/v2\/product_brand?post=55421"},{"taxonomy":"product_cat","embeddable":true,"href":"https:\/\/lialea.com\/en\/wp-json\/wp\/v2\/product_cat?post=55421"},{"taxonomy":"product_tag","embeddable":true,"href":"https:\/\/lialea.com\/en\/wp-json\/wp\/v2\/product_tag?post=55421"}],"curies":[{"name":"wp","href":"https:\/\/api.w.org\/{rel}","templated":true}]}}