{"id":55420,"date":"2024-09-29T17:26:33","date_gmt":"2024-09-29T14:26:33","guid":{"rendered":"https:\/\/lialea.com\/urun\/girl-black-pants\/"},"modified":"2025-03-10T22:42:00","modified_gmt":"2025-03-10T19:42:00","slug":"kiz-cocuk-siyah-pantolon","status":"publish","type":"product","link":"https:\/\/lialea.com\/en\/product\/kiz-cocuk-siyah-pantolon\/","title":{"rendered":"Girl's Black Pants"},"content":{"rendered":"<p>&nbsp;<\/p>\n<p>Bol, \u015falvar tipi rahat kesim k\u0131z \u00e7ocuk e\u015fofman alt\u0131<\/p>\n<p><iframe title=\"Kareli SweatShirt &amp; Anime Desenli E\u015fofman Alt\u0131, Checked SweatShirt &amp; Anime Patterned Sweatpants\" width=\"1200\" height=\"675\" src=\"https:\/\/www.youtube.com\/embed\/0uU0GiebKS0?feature=oembed\" frameborder=\"0\" allow=\"accelerometer; autoplay; clipboard-write; encrypted-media; gyroscope; picture-in-picture; web-share\" referrerpolicy=\"strict-origin-when-cross-origin\" allowfullscreen><\/iframe><\/p>\n<p><iframe title=\"B\u00fczg\u00fc Detayl\u0131 Kapi\u015fonlu T-Shirt &amp; Anime Desenli E\u015fofman Alt\u0131, Drawstring Detailed Hooded T-Shirt\" width=\"1200\" height=\"675\" src=\"https:\/\/www.youtube.com\/embed\/fKv_EDhEtiU?feature=oembed\" frameborder=\"0\" allow=\"accelerometer; autoplay; clipboard-write; encrypted-media; gyroscope; picture-in-picture; web-share\" referrerpolicy=\"strict-origin-when-cross-origin\" allowfullscreen><\/iframe><\/p>","protected":false},"excerpt":{"rendered":"<p>&nbsp; Bol, \u015falvar tipi rahat kesim k\u0131z \u00e7ocuk e\u015fofman alt\u0131<\/p>","protected":false},"featured_media":54960,"comment_status":"open","ping_status":"closed","template":"","meta":[],"product_brand":[],"product_cat":[162,153],"product_tag":[],"class_list":{"0":"post-55420","1":"product","2":"type-product","3":"status-publish","4":"has-post-thumbnail","6":"product_cat-ozel-fiyatlar","7":"product_cat-pantolonlar","10":"first","11":"instock","12":"shipping-taxable","13":"product-type-external"},"_links":{"self":[{"href":"https:\/\/lialea.com\/en\/wp-json\/wp\/v2\/product\/55420","targetHints":{"allow":["GET"]}}],"collection":[{"href":"https:\/\/lialea.com\/en\/wp-json\/wp\/v2\/product"}],"about":[{"href":"https:\/\/lialea.com\/en\/wp-json\/wp\/v2\/types\/product"}],"replies":[{"embeddable":true,"href":"https:\/\/lialea.com\/en\/wp-json\/wp\/v2\/comments?post=55420"}],"wp:featuredmedia":[{"embeddable":true,"href":"https:\/\/lialea.com\/en\/wp-json\/wp\/v2\/media\/54960"}],"wp:attachment":[{"href":"https:\/\/lialea.com\/en\/wp-json\/wp\/v2\/media?parent=55420"}],"wp:term":[{"taxonomy":"product_brand","embeddable":true,"href":"https:\/\/lialea.com\/en\/wp-json\/wp\/v2\/product_brand?post=55420"},{"taxonomy":"product_cat","embeddable":true,"href":"https:\/\/lialea.com\/en\/wp-json\/wp\/v2\/product_cat?post=55420"},{"taxonomy":"product_tag","embeddable":true,"href":"https:\/\/lialea.com\/en\/wp-json\/wp\/v2\/product_tag?post=55420"}],"curies":[{"name":"wp","href":"https:\/\/api.w.org\/{rel}","templated":true}]}}