{"id":55417,"date":"2024-09-29T17:22:10","date_gmt":"2024-09-29T14:22:10","guid":{"rendered":"https:\/\/lialea.com\/urun\/girl-grey-jacket\/"},"modified":"2025-03-10T22:42:50","modified_gmt":"2025-03-10T19:42:50","slug":"kiz-cocuk-gri-ceket","status":"publish","type":"product","link":"https:\/\/lialea.com\/en\/product\/kiz-cocuk-gri-ceket\/","title":{"rendered":"Girl's Gray Jacket"},"content":{"rendered":"<p>I\u015f\u0131lt\u0131l\u0131 ve parlak g\u00fcm\u00fc\u015f renkli fermuarl\u0131 k\u0131z bomber ceket<\/p>\n<p>&nbsp;<\/p>\n<p><iframe title=\"Simli Ceket &amp; Simli Mini Etek, Glitter Jacket &amp; Glitter Mini Skirt\" width=\"1200\" height=\"675\" src=\"https:\/\/www.youtube.com\/embed\/uw8PtScWpbo?feature=oembed\" frameborder=\"0\" allow=\"accelerometer; autoplay; clipboard-write; encrypted-media; gyroscope; picture-in-picture; web-share\" referrerpolicy=\"strict-origin-when-cross-origin\" allowfullscreen><\/iframe><\/p>\n<p>&nbsp;<\/p>\n<p><iframe title=\"B\u00fczg\u00fcl\u00fc Yaka Bl\u00fcz &amp; Fitilli Kadife Bol Pa\u00e7a Pantolon, Gathered Collar Blouse\" width=\"1200\" height=\"675\" src=\"https:\/\/www.youtube.com\/embed\/j-n8jKCG81k?feature=oembed\" frameborder=\"0\" allow=\"accelerometer; autoplay; clipboard-write; encrypted-media; gyroscope; picture-in-picture; web-share\" referrerpolicy=\"strict-origin-when-cross-origin\" allowfullscreen><\/iframe><\/p>","protected":false},"excerpt":{"rendered":"<table width=\"1089\">\n<tbody>\n<tr>\n<td width=\"204\"><\/td>\n<td colspan=\"5\" width=\"885\">BEDEN<\/td>\n<\/tr>\n<tr>\n<td><\/td>\n<td>4-5 Ya\u015f (104 &#8211; 110 cm)<\/td>\n<td>5-6 Ya\u015f (110 &#8211; 118 cm)<\/td>\n<td>7-8 Ya\u015f (122- 128 cm)<\/td>\n<td>9-10 Ya\u015f (132 &#8211; 140 cm)<\/td>\n<td>11-12 Ya\u015f (152 cm)<\/td>\n<\/tr>\n<tr>\n<td>Elbise Boyu<\/td>\n<td width=\"177\">35<\/td>\n<td width=\"181\">38<\/td>\n<td width=\"179\">41<\/td>\n<td width=\"193\">45<\/td>\n<td width=\"155\">49<\/td>\n<\/tr>\n<tr>\n<td>G\u00f6\u011f\u00fcs Geni\u015fli\u011fi<\/td>\n<td width=\"177\">39<\/td>\n<td width=\"181\">40,5<\/td>\n<td width=\"179\">42<\/td>\n<td width=\"193\">44,5<\/td>\n<td width=\"155\">47<\/td>\n<\/tr>\n<\/tbody>\n<\/table>","protected":false},"featured_media":54945,"comment_status":"open","ping_status":"closed","template":"","meta":[],"product_brand":[],"product_cat":[160,162],"product_tag":[],"class_list":{"0":"post-55417","1":"product","2":"type-product","3":"status-publish","4":"has-post-thumbnail","6":"product_cat-ceketler","7":"product_cat-ozel-fiyatlar","10":"first","11":"instock","12":"shipping-taxable","13":"product-type-external"},"_links":{"self":[{"href":"https:\/\/lialea.com\/en\/wp-json\/wp\/v2\/product\/55417","targetHints":{"allow":["GET"]}}],"collection":[{"href":"https:\/\/lialea.com\/en\/wp-json\/wp\/v2\/product"}],"about":[{"href":"https:\/\/lialea.com\/en\/wp-json\/wp\/v2\/types\/product"}],"replies":[{"embeddable":true,"href":"https:\/\/lialea.com\/en\/wp-json\/wp\/v2\/comments?post=55417"}],"wp:featuredmedia":[{"embeddable":true,"href":"https:\/\/lialea.com\/en\/wp-json\/wp\/v2\/media\/54945"}],"wp:attachment":[{"href":"https:\/\/lialea.com\/en\/wp-json\/wp\/v2\/media?parent=55417"}],"wp:term":[{"taxonomy":"product_brand","embeddable":true,"href":"https:\/\/lialea.com\/en\/wp-json\/wp\/v2\/product_brand?post=55417"},{"taxonomy":"product_cat","embeddable":true,"href":"https:\/\/lialea.com\/en\/wp-json\/wp\/v2\/product_cat?post=55417"},{"taxonomy":"product_tag","embeddable":true,"href":"https:\/\/lialea.com\/en\/wp-json\/wp\/v2\/product_tag?post=55417"}],"curies":[{"name":"wp","href":"https:\/\/api.w.org\/{rel}","templated":true}]}}