{"id":55416,"date":"2024-09-29T17:21:15","date_gmt":"2024-09-29T14:21:15","guid":{"rendered":"https:\/\/lialea.com\/urun\/girl-black-shorts\/"},"modified":"2025-03-10T22:43:22","modified_gmt":"2025-03-10T19:43:22","slug":"kiz-cocuk-siyah-sort","status":"publish","type":"product","link":"https:\/\/lialea.com\/en\/product\/kiz-cocuk-siyah-sort\/","title":{"rendered":"Girl's Black Shorts"},"content":{"rendered":"<p>Kal\u0131n siyah kuma\u015fl\u0131 ve belinde lila kalp detay\u0131 bulunan pileli k\u0131z \u00e7ocuk \u015fortu.<\/p>\n<p>&nbsp;<\/p>\n<p><iframe title=\"Lila Triko Kazak &amp; Pileli \u015eort, Lilac Knitwear Sweater &amp; Pleated Shorts\" width=\"1200\" height=\"675\" src=\"https:\/\/www.youtube.com\/embed\/ccDwQ76Mhm0?feature=oembed\" frameborder=\"0\" allow=\"accelerometer; autoplay; clipboard-write; encrypted-media; gyroscope; picture-in-picture; web-share\" referrerpolicy=\"strict-origin-when-cross-origin\" allowfullscreen><\/iframe><\/p>\n<p>&nbsp;<\/p>\n<p><iframe title=\"Love T-shirt &amp; Kadife Kollu Kapitone Ceket, Love T-shirt &amp; Velvet Sleeve Quilted Jacket\" width=\"1200\" height=\"675\" src=\"https:\/\/www.youtube.com\/embed\/cZ1pxC2iFeU?feature=oembed\" frameborder=\"0\" allow=\"accelerometer; autoplay; clipboard-write; encrypted-media; gyroscope; picture-in-picture; web-share\" referrerpolicy=\"strict-origin-when-cross-origin\" allowfullscreen><\/iframe><\/p>","protected":false},"excerpt":{"rendered":"<table width=\"1089\">\n<tbody>\n<tr>\n<td width=\"204\"><\/td>\n<td colspan=\"5\" width=\"885\">BEDEN<\/td>\n<\/tr>\n<tr>\n<td><\/td>\n<td>4-5 Ya\u015f (104 &#8211; 110 cm)<\/td>\n<td>5-6 Ya\u015f (110 &#8211; 118 cm)<\/td>\n<td>7-8 Ya\u015f (122- 128 cm)<\/td>\n<td>9-10 Ya\u015f (132 &#8211; 140 cm)<\/td>\n<td>11-12 Ya\u015f (152 cm)<\/td>\n<\/tr>\n<tr>\n<td>\u015eort Uzunlu\u011fu<\/td>\n<td width=\"177\">32<\/td>\n<td width=\"181\">34<\/td>\n<td width=\"179\">36<\/td>\n<td width=\"193\">38<\/td>\n<td width=\"155\">40<\/td>\n<\/tr>\n<tr>\n<td>Bel Geni\u015fli\u011fi<\/td>\n<td width=\"177\">23<\/td>\n<td width=\"181\">24,5<\/td>\n<td width=\"179\">26<\/td>\n<td width=\"193\">28<\/td>\n<td width=\"155\">30<\/td>\n<\/tr>\n<\/tbody>\n<\/table>","protected":false},"featured_media":54941,"comment_status":"open","ping_status":"closed","template":"","meta":[],"product_brand":[],"product_cat":[162,159],"product_tag":[],"class_list":{"0":"post-55416","1":"product","2":"type-product","3":"status-publish","4":"has-post-thumbnail","6":"product_cat-ozel-fiyatlar","7":"product_cat-sortlar","10":"first","11":"instock","12":"shipping-taxable","13":"product-type-external"},"_links":{"self":[{"href":"https:\/\/lialea.com\/en\/wp-json\/wp\/v2\/product\/55416","targetHints":{"allow":["GET"]}}],"collection":[{"href":"https:\/\/lialea.com\/en\/wp-json\/wp\/v2\/product"}],"about":[{"href":"https:\/\/lialea.com\/en\/wp-json\/wp\/v2\/types\/product"}],"replies":[{"embeddable":true,"href":"https:\/\/lialea.com\/en\/wp-json\/wp\/v2\/comments?post=55416"}],"wp:featuredmedia":[{"embeddable":true,"href":"https:\/\/lialea.com\/en\/wp-json\/wp\/v2\/media\/54941"}],"wp:attachment":[{"href":"https:\/\/lialea.com\/en\/wp-json\/wp\/v2\/media?parent=55416"}],"wp:term":[{"taxonomy":"product_brand","embeddable":true,"href":"https:\/\/lialea.com\/en\/wp-json\/wp\/v2\/product_brand?post=55416"},{"taxonomy":"product_cat","embeddable":true,"href":"https:\/\/lialea.com\/en\/wp-json\/wp\/v2\/product_cat?post=55416"},{"taxonomy":"product_tag","embeddable":true,"href":"https:\/\/lialea.com\/en\/wp-json\/wp\/v2\/product_tag?post=55416"}],"curies":[{"name":"wp","href":"https:\/\/api.w.org\/{rel}","templated":true}]}}