{"id":55413,"date":"2024-09-29T17:16:35","date_gmt":"2024-09-29T14:16:35","guid":{"rendered":"https:\/\/lialea.com\/urun\/girl-child-oranj-crown\/"},"modified":"2025-03-06T17:35:11","modified_gmt":"2025-03-06T14:35:11","slug":"kiz-cocuk-oranj-taci","status":"publish","type":"product","link":"https:\/\/lialea.com\/en\/product\/kiz-cocuk-oranj-taci\/","title":{"rendered":"Girl's Orange Crown"},"content":{"rendered":"<p>Anne-k\u0131z okuldan etkinliklere, mola anlar\u0131nda rahat ve \u015f\u0131k! \u00dcst\u00fcn kuma\u015flar ve benzersiz tasar\u0131mlarla s\u00fcrd\u00fcr\u00fclebilir bir gard\u0131rop \u015fimdi sizinle.<\/p>\n<p><iframe title=\"Lia Lea Handmade Accessories &amp; Lia Lea El Yap\u0131m\u0131 Ta\u00e7\" width=\"1200\" height=\"675\" src=\"https:\/\/www.youtube.com\/embed\/WIAQ5tRxa_Q?feature=oembed\" frameborder=\"0\" allow=\"accelerometer; autoplay; clipboard-write; encrypted-media; gyroscope; picture-in-picture; web-share\" referrerpolicy=\"strict-origin-when-cross-origin\" allowfullscreen><\/iframe><\/p>","protected":false},"excerpt":{"rendered":"<p>Anne-k\u0131z okuldan etkinliklere, mola anlar\u0131nda rahat ve \u015f\u0131k! \u00dcst\u00fcn kuma\u015flar ve benzersiz tasar\u0131mlarla s\u00fcrd\u00fcr\u00fclebilir bir gard\u0131rop \u015fimdi sizinle.<\/p>","protected":false},"featured_media":54930,"comment_status":"open","ping_status":"closed","template":"","meta":[],"product_brand":[],"product_cat":[162,158],"product_tag":[],"class_list":{"0":"post-55413","1":"product","2":"type-product","3":"status-publish","4":"has-post-thumbnail","6":"product_cat-ozel-fiyatlar","7":"product_cat-sac-aksesuarlari","10":"first","11":"instock","12":"shipping-taxable","13":"product-type-external"},"_links":{"self":[{"href":"https:\/\/lialea.com\/en\/wp-json\/wp\/v2\/product\/55413","targetHints":{"allow":["GET"]}}],"collection":[{"href":"https:\/\/lialea.com\/en\/wp-json\/wp\/v2\/product"}],"about":[{"href":"https:\/\/lialea.com\/en\/wp-json\/wp\/v2\/types\/product"}],"replies":[{"embeddable":true,"href":"https:\/\/lialea.com\/en\/wp-json\/wp\/v2\/comments?post=55413"}],"wp:featuredmedia":[{"embeddable":true,"href":"https:\/\/lialea.com\/en\/wp-json\/wp\/v2\/media\/54930"}],"wp:attachment":[{"href":"https:\/\/lialea.com\/en\/wp-json\/wp\/v2\/media?parent=55413"}],"wp:term":[{"taxonomy":"product_brand","embeddable":true,"href":"https:\/\/lialea.com\/en\/wp-json\/wp\/v2\/product_brand?post=55413"},{"taxonomy":"product_cat","embeddable":true,"href":"https:\/\/lialea.com\/en\/wp-json\/wp\/v2\/product_cat?post=55413"},{"taxonomy":"product_tag","embeddable":true,"href":"https:\/\/lialea.com\/en\/wp-json\/wp\/v2\/product_tag?post=55413"}],"curies":[{"name":"wp","href":"https:\/\/api.w.org\/{rel}","templated":true}]}}