{"id":55402,"date":"2024-09-29T17:05:57","date_gmt":"2024-09-29T14:05:57","guid":{"rendered":"https:\/\/lialea.com\/urun\/girl-green-dress-2\/"},"modified":"2025-03-10T22:23:13","modified_gmt":"2025-03-10T19:23:13","slug":"kiz-cocuk-yesil-elbise-2","status":"publish","type":"product","link":"https:\/\/lialea.com\/en\/product\/kiz-cocuk-yesil-elbise-2\/","title":{"rendered":"Girl's Green Dress"},"content":{"rendered":"<p>Ye\u015fil \u00f6rme rahat kuma\u015f ve u\u00e7u\u015fan t\u00fcl detaylarla tasarlanm\u0131\u015f k\u0131z \u00e7ocuk elbisesi.<\/p>\n<p><iframe title=\"T\u00fcl Detayl\u0131 \u00d6rme Elbise, Tulle Detailed Knitted Dress\" width=\"1200\" height=\"675\" src=\"https:\/\/www.youtube.com\/embed\/TTwt_JmS1AE?feature=oembed\" frameborder=\"0\" allow=\"accelerometer; autoplay; clipboard-write; encrypted-media; gyroscope; picture-in-picture; web-share\" referrerpolicy=\"strict-origin-when-cross-origin\" allowfullscreen><\/iframe><\/p>","protected":false},"excerpt":{"rendered":"<p>Ye\u015fil \u00f6rme rahat kuma\u015f ve u\u00e7u\u015fan t\u00fcl detaylarla tasarlanm\u0131\u015f k\u0131z \u00e7ocuk elbisesi.<\/p>","protected":false},"featured_media":54889,"comment_status":"open","ping_status":"closed","template":"","meta":[],"product_brand":[],"product_cat":[152,162],"product_tag":[],"class_list":{"0":"post-55402","1":"product","2":"type-product","3":"status-publish","4":"has-post-thumbnail","6":"product_cat-elbiseler-4-12-yas","7":"product_cat-ozel-fiyatlar","10":"first","11":"instock","12":"shipping-taxable","13":"product-type-external"},"_links":{"self":[{"href":"https:\/\/lialea.com\/en\/wp-json\/wp\/v2\/product\/55402","targetHints":{"allow":["GET"]}}],"collection":[{"href":"https:\/\/lialea.com\/en\/wp-json\/wp\/v2\/product"}],"about":[{"href":"https:\/\/lialea.com\/en\/wp-json\/wp\/v2\/types\/product"}],"replies":[{"embeddable":true,"href":"https:\/\/lialea.com\/en\/wp-json\/wp\/v2\/comments?post=55402"}],"wp:featuredmedia":[{"embeddable":true,"href":"https:\/\/lialea.com\/en\/wp-json\/wp\/v2\/media\/54889"}],"wp:attachment":[{"href":"https:\/\/lialea.com\/en\/wp-json\/wp\/v2\/media?parent=55402"}],"wp:term":[{"taxonomy":"product_brand","embeddable":true,"href":"https:\/\/lialea.com\/en\/wp-json\/wp\/v2\/product_brand?post=55402"},{"taxonomy":"product_cat","embeddable":true,"href":"https:\/\/lialea.com\/en\/wp-json\/wp\/v2\/product_cat?post=55402"},{"taxonomy":"product_tag","embeddable":true,"href":"https:\/\/lialea.com\/en\/wp-json\/wp\/v2\/product_tag?post=55402"}],"curies":[{"name":"wp","href":"https:\/\/api.w.org\/{rel}","templated":true}]}}